{"id":6114,"date":"2015-11-05T10:41:45","date_gmt":"2015-11-05T10:41:45","guid":{"rendered":"https:\/\/ibergas.net\/?page_id=6114"},"modified":"2023-07-10T08:04:29","modified_gmt":"2023-07-10T08:04:29","slug":"gasoleo-calefaccion","status":"publish","type":"page","link":"https:\/\/ibergas.net\/index.php\/gasoleo-calefaccion\/","title":{"rendered":"Gas\u00f3leo Calefacci\u00f3n"},"content":{"rendered":"<p>[vc_row row_type=\u00bbparallax\u00bb content_aligment=\u00bbright\u00bb full_screen_section_height=\u00bbyes\u00bb vertically_align_content_in_middle=\u00bbyes\u00bb parallax_background_image=\u00bb6646&#8243; css=\u00bb.vc_custom_1688971160020{padding-left: 350px !important;}\u00bb][vc_column width=\u00bb7\/12&#8243;]\n<div class=\"qodef-custom-font-holder\" style=\"font-family: Raleway;font-size: 70px;line-height: 83px;font-weight: 600;letter-spacing: 0px;text-transform: Capitalize;color: #212121\" data-font-size= 70 data-line-height= 83>\n\tGas\u00f3leo Calefacci\u00f3n<\/div>[vc_empty_space height=\u00bb24px\u00bb]\n<div class=\"qodef-custom-font-holder\" style=\"font-family: Raleway;font-size: 24px;line-height: 35px;font-weight: 400;letter-spacing: 0px;color: #5f5f5f\" data-font-size= 24 data-line-height= 35>\n\tCalor constante, con gas\u00f3leo de calidad.<\/div>[vc_empty_space height=\u00bb39px\u00bb][vc_empty_space height=\u00bb11px\u00bb][\/vc_column][vc_column width=\u00bb5\/12&#8243;][\/vc_column][\/vc_row][vc_row content_width=\u00bbgrid\u00bb css=\u00bb.vc_custom_1446722229051{padding-top: 135px !important;padding-bottom: 128px !important;}\u00bb][vc_column offset=\u00bbvc_col-md-6&#8243;][vc_empty_space height=\u00bb10px\u00bb][vc_column_text]<\/p>\n<h2>Energ\u00eda para la calefacci\u00f3n<\/h2>\n<p>[\/vc_column_text][vc_empty_space height=\u00bb22px\u00bb][vc_column_text]<\/p>\n<h4>El gas\u00f3leo de calefacci\u00f3n es un tipo de combustible utilizado en calderas para calentar viviendas y edificios. Existen diferencias importantes con otros tipos de gas\u00f3leo.<\/h4>\n<p>[\/vc_column_text][vc_empty_space][vc_empty_space height=\u00bb40px\u00bb][\/vc_column][vc_column offset=\u00bbvc_col-md-6&#8243;][vc_single_image image=\u00bb6654&#8243; img_size=\u00bbmedium\u00bb css_animation=\u00bbright-to-left\u00bb][vc_empty_space height=\u00bb40px\u00bb][\/vc_column][\/vc_row][vc_row][vc_column]<div class=\"qodef-fullwidth-slider-holder\"><div class=\"qodef-fullwidth-slider-slides\">\n<div class=\"qodef-fullwidth-slider-item\" style=\"background-image: url(https:\/\/ibergas.net\/wp-content\/uploads\/2023\/07\/Calefaccion_ibergas.png)\">\n    <div class=\"qodef-fullwidth-slider-item-image-holder-wrapper\">\n        <span class=\"qodef-fullwidth-slider-item-image-holder\">\n            <img decoding=\"async\" src=\"https:\/\/ibergas.net\/wp-content\/uploads\/2023\/07\/Calefaccion_ibergas.png\" alt=\"qodef-fullwidth-slider\"\/>\n        <\/span>\n    <\/div>\n    <div class=\"qodef-fullwidth-slider-item-content-holder\">\n        <div class=\"qodef-fullwidth-slider-item-content-holder-inner\">\n            <div class=\"qodef-fullwidth-slider-item-content-wrapper\">\n                <div class=\"qodef-fullwidth-slider-item-wrapper-inner\">\n                    <div class=\"qodef-fullwidth-slider-item-elements-holder\">\n                        <div class=\"qodef-fullwidth-slider-item-title\">\n                            <h2>Eficiencia Energ\u00e9tica<\/h2>\n                        <\/div>\n                        <div class=\"qodef-fullwidth-slider-item-subtitle\">\n                            <h4>Altamente eficienciente<\/h4>\n                        <\/div>\n                        <div class=\"qodef-fullwidth-slider-item-text\">\n                            <p>El gas\u00f3leo de calefacci\u00f3n es altamente eficiente en t\u00e9rminos energ\u00e9ticos. Tiene un alto poder calor\u00edfico, lo que significa que puede producir una gran cantidad de calor por unidad de volumen. Esto lo convierte en una opci\u00f3n eficiente para calentar espacios grandes.<\/p>\n                        <\/div>\n                                            <\/div>\n                <\/div>\n            <\/div>\n        <\/div>\n    <\/div>\n<\/div>\n<div class=\"qodef-fullwidth-slider-item\" style=\"background-image: url(https:\/\/ibergas.net\/wp-content\/uploads\/2023\/07\/edificion-calefaccion1-copia.png)\">\n    <div class=\"qodef-fullwidth-slider-item-image-holder-wrapper\">\n        <span class=\"qodef-fullwidth-slider-item-image-holder\">\n            <img decoding=\"async\" src=\"https:\/\/ibergas.net\/wp-content\/uploads\/2023\/07\/edificion-calefaccion1-copia.png\" alt=\"qodef-fullwidth-slider\"\/>\n        <\/span>\n    <\/div>\n    <div class=\"qodef-fullwidth-slider-item-content-holder\">\n        <div class=\"qodef-fullwidth-slider-item-content-holder-inner\">\n            <div class=\"qodef-fullwidth-slider-item-content-wrapper\">\n                <div class=\"qodef-fullwidth-slider-item-wrapper-inner\">\n                    <div class=\"qodef-fullwidth-slider-item-elements-holder\">\n                        <div class=\"qodef-fullwidth-slider-item-title\">\n                            <h2>Seguridad<\/h2>\n                        <\/div>\n                        <div class=\"qodef-fullwidth-slider-item-subtitle\">\n                            <h4>Punto de inflamaci\u00f3n<\/h4>\n                        <\/div>\n                        <div class=\"qodef-fullwidth-slider-item-text\">\n                            <p>El gas\u00f3leo de calefacci\u00f3n tiene un punto de inflamaci\u00f3n m\u00e1s alto en comparaci\u00f3n con otros combustibles l\u00edquidos, como la gasolina. Esto lo hace m\u00e1s seguro de almacenar y manipular.<\/p>\n                        <\/div>\n                                            <\/div>\n                <\/div>\n            <\/div>\n        <\/div>\n    <\/div>\n<\/div>\n<div class=\"qodef-fullwidth-slider-item\" style=\"background-image: url(https:\/\/ibergas.net\/wp-content\/uploads\/2023\/07\/eficiencia-energetica-ibergas.png)\">\n    <div class=\"qodef-fullwidth-slider-item-image-holder-wrapper\">\n        <span class=\"qodef-fullwidth-slider-item-image-holder\">\n            <img decoding=\"async\" src=\"https:\/\/ibergas.net\/wp-content\/uploads\/2023\/07\/eficiencia-energetica-ibergas.png\" alt=\"qodef-fullwidth-slider\"\/>\n        <\/span>\n    <\/div>\n    <div class=\"qodef-fullwidth-slider-item-content-holder\">\n        <div class=\"qodef-fullwidth-slider-item-content-holder-inner\">\n            <div class=\"qodef-fullwidth-slider-item-content-wrapper\">\n                <div class=\"qodef-fullwidth-slider-item-wrapper-inner\">\n                    <div class=\"qodef-fullwidth-slider-item-elements-holder\">\n                        <div class=\"qodef-fullwidth-slider-item-title\">\n                            <h2>Durabilidad<\/h2>\n                        <\/div>\n                        <div class=\"qodef-fullwidth-slider-item-subtitle\">\n                            <h4>Menos propenso a la degradaci\u00f3n<\/h4>\n                        <\/div>\n                        <div class=\"qodef-fullwidth-slider-item-text\">\n                            <p>El gas\u00f3leo de calefacci\u00f3n es menos propenso a la degradaci\u00f3n y a la formaci\u00f3n de sedimentos en comparaci\u00f3n con otros combustibles. Esto significa que puede almacenarse durante per\u00edodos m\u00e1s largos sin sufrir deterioro significativo.<\/p>\n                        <\/div>\n                                            <\/div>\n                <\/div>\n            <\/div>\n        <\/div>\n    <\/div>\n<\/div><\/div><\/div>[\/vc_column][\/vc_row][vc_row content_width=\u00bbgrid\u00bb content_aligment=\u00bbcenter\u00bb css=\u00bb.vc_custom_1446723445717{padding-top: 103px !important;padding-bottom: 42px !important;}\u00bb][vc_column][vc_column_text]<\/p>\n<h2>Gas\u00f3leo de calefacci\u00f3n &amp; gas\u00f3leo automoci\u00f3n<\/h2>\n<p>[\/vc_column_text][vc_empty_space height=\u00bb22px\u00bb][vc_column_text]<\/p>\n<h4>Son similares en composici\u00f3n, pero se diferencian en sus especificaciones y tratamiento fiscal. El gas\u00f3leo de calefacci\u00f3n tiene un contenido de azufre ligeramente m\u00e1s alto y est\u00e1 destinado exclusivamente para uso en calefacci\u00f3n, no para veh\u00edculos.<\/h4>\n<p>[\/vc_column_text][vc_empty_space height=\u00bb40px\u00bb][\/vc_column][\/vc_row][vc_row content_width=\u00bbgrid\u00bb content_aligment=\u00bbcenter\u00bb][vc_column]<div class=\"qodef-elements-holder qodef-responsive-mode-768\" ><div class=\"qodef-elements-holder-item qodef-vertical-alignment-bottom qodef-horizontal-alignment-center\" >\n\t<div class=\"qodef-elements-holder-item-inner\">\n\t\t<div class=\"qodef-elements-holder-item-content qodef-elements-holder-custom-844778\" style=\"padding: 0 0 0 0\">\n\t\t\t\t\t\t[vc_single_image image=\u00bb6664&#8243; img_size=\u00bbfull\u00bb alignment=\u00bbcenter\u00bb css_animation=\u00bbbottom-to-top\u00bb]\t\t<\/div>\n\t<\/div>\n<\/div><\/div>[\/vc_column][\/vc_row][vc_row row_type=\u00bbparallax\u00bb content_width=\u00bbgrid\u00bb content_aligment=\u00bbcenter\u00bb full_screen_section_height=\u00bbno\u00bb parallax_background_image=\u00bb6668&#8243; css=\u00bb.vc_custom_1688974199871{padding-top: 120px !important;padding-bottom: 75px !important;}\u00bb][vc_column offset=\u00bbvc_col-lg-offset-1 vc_col-lg-10&#8243;]\n<div class=\"qodef-custom-font-holder\" style=\"font-family: Raleway;font-size: 48px;line-height: 49px;font-weight: 700;letter-spacing: 0px;color: #ffffff\" data-font-size= 48 data-line-height= 49>\n\tSus diferencias con otros tipos de gas\u00f3leos<\/div>[vc_empty_space height=\u00bb18px\u00bb][vc_column_text]<\/p>\n<h4><span style=\"color: #dbdbdb;\">Radican en especificaciones t\u00e9cnicas, requis\u00edtos fiscalesy aplicaciones espec\u00edficas. Es importante utilizar el tipo de gas\u00f3leo adecuado para cada prop\u00f3sito, asegur\u00e1ndose de cumplir con las normativas y regulaciones locales.<\/span><\/h4>\n<p>[\/vc_column_text][vc_empty_space height=\u00bb44px\u00bb][vc_empty_space height=\u00bb40px\u00bb][\/vc_column][\/vc_row][vc_row content_width=\u00bbgrid\u00bb content_aligment=\u00bbcenter\u00bb css=\u00bb.vc_custom_1446723445717{padding-top: 103px !important;padding-bottom: 42px !important;}\u00bb][vc_column][vc_column_text]<\/p>\n<h2>El gas\u00f3leo de calefacci\u00f3n es bueno debido a su eficiencia energ\u00e9tica, seguridad y durabilidad.<\/h2>\n<p>[\/vc_column_text][vc_empty_space height=\u00bb22px\u00bb][vc_empty_space height=\u00bb40px\u00bb][\/vc_column][\/vc_row][vc_row content_aligment=\u00bbcenter\u00bb css=\u00bb.vc_custom_1688971989491{background-image: url(https:\/\/ibergas.net\/wp-content\/uploads\/2023\/06\/28287-azul-oscuro1.png?id=6220) !important;}\u00bb][vc_column][vc_empty_space height=\u00bb45px\u00bb]\n\n\t<div class=\"qodef-call-to-action normal\">\n\n\t\t\t\t<div class=\"qodef-container-inner\">\n\t\t\t\t\t<div class=\"qodef-call-to-action-row-75-25 clearfix\" style=\"padding: 54px 0px;\">\n\t\t\n\t\t\t\t<div class=\"qodef-text-wrapper qodef-call-to-action-column1 qodef-call-to-action-cell\">\n\n\t\t\t\t\n\t\t\t\t\t<div class=\"qodef-call-to-action-text\" >\n\t\t\t\t\t\t\n<h1><span style=\"color: #ffffff;\">\u00a1Obt\u00e9n asesoramiento gratuito!<\/span><\/h1>\n<h1><strong style=\"color: #ffffff; font-size: 16px;\">Contacte ahora con nuestro departamento t\u00e9cnico<\/strong><\/h1>\n<h1><\/h1>\n<h1><\/h1>\n\t\t\t\t\t<\/div>\n\n\t\t\t\t<\/div>\n\n\t\t\t\t\n\t\t\t\t\t<div class=\"qodef-button-wrapper qodef-call-to-action-column2 qodef-call-to-action-cell\" style =\"text-align: right ;\">\n\n\t\t\t\t\t\t<a href=\"https:\/\/ibergas.net\/index.php\/contacto\/\" target=\"_self\" style=\"color: #ffffff\" class=\"qodef-btn qodef-btn-medium qodef-btn-outline qodef-btn-custom-border-hover qodef-btn-custom-hover-color qodef-btn-icon\" data-hover-color=\"#ffffff\" data-hover-border-color=\"#ffffff\" >        <span class=\"qodef-btn-text\">Contactar ahora<\/span>    <span class=\"qodef-btn-text-icon\"><i class=\"qodef-icon-simple-line-icon icon-arrow-right-circle \" ><\/i><\/span><\/a>\n\t\t\t\t\t<\/div>\n\n\t\t\t\t\n\t\t\t<\/div>\n\n\t\t\t\t<\/div>\n\t\t\n\t<\/div>\n\n[\/vc_column][\/vc_row]<\/p>\n","protected":false},"excerpt":{"rendered":"<p>[vc_row row_type=\u00bbparallax\u00bb content_aligment=\u00bbright\u00bb full_screen_section_height=\u00bbyes\u00bb vertically_align_content_in_middle=\u00bbyes\u00bb parallax_background_image=\u00bb6646&#8243; css=\u00bb.vc_custom_1688971160020{padding-left: 350px !important;}\u00bb][vc_column width=\u00bb7\/12&#8243;][vc_empty_space height=\u00bb24px\u00bb][vc_empty_space height=\u00bb39px\u00bb][vc_empty_space height=\u00bb11px\u00bb][\/vc_column][vc_column width=\u00bb5\/12&#8243;][\/vc_column][\/vc_row][vc_row content_width=\u00bbgrid\u00bb css=\u00bb.vc_custom_1446722229051{padding-top: 135px !important;padding-bottom: 128px !important;}\u00bb][vc_column offset=\u00bbvc_col-md-6&#8243;][vc_empty_space&#8230;<\/p>\n","protected":false},"author":1,"featured_media":0,"parent":0,"menu_order":0,"comment_status":"closed","ping_status":"closed","template":"full-width.php","meta":{"footnotes":""},"class_list":["post-6114","page","type-page","status-publish","hentry"],"_links":{"self":[{"href":"https:\/\/ibergas.net\/index.php\/wp-json\/wp\/v2\/pages\/6114","targetHints":{"allow":["GET"]}}],"collection":[{"href":"https:\/\/ibergas.net\/index.php\/wp-json\/wp\/v2\/pages"}],"about":[{"href":"https:\/\/ibergas.net\/index.php\/wp-json\/wp\/v2\/types\/page"}],"author":[{"embeddable":true,"href":"https:\/\/ibergas.net\/index.php\/wp-json\/wp\/v2\/users\/1"}],"replies":[{"embeddable":true,"href":"https:\/\/ibergas.net\/index.php\/wp-json\/wp\/v2\/comments?post=6114"}],"version-history":[{"count":29,"href":"https:\/\/ibergas.net\/index.php\/wp-json\/wp\/v2\/pages\/6114\/revisions"}],"predecessor-version":[{"id":6679,"href":"https:\/\/ibergas.net\/index.php\/wp-json\/wp\/v2\/pages\/6114\/revisions\/6679"}],"wp:attachment":[{"href":"https:\/\/ibergas.net\/index.php\/wp-json\/wp\/v2\/media?parent=6114"}],"curies":[{"name":"wp","href":"https:\/\/api.w.org\/{rel}","templated":true}]}}