{"id":6113,"date":"2015-11-05T10:41:45","date_gmt":"2015-11-05T10:41:45","guid":{"rendered":"https:\/\/ibergas.net\/?page_id=6113"},"modified":"2023-08-04T09:21:17","modified_gmt":"2023-08-04T09:21:17","slug":"adblue","status":"publish","type":"page","link":"https:\/\/ibergas.net\/index.php\/adblue\/","title":{"rendered":"Adblue"},"content":{"rendered":"<p>[vc_row row_type=\u00bbparallax\u00bb full_screen_section_height=\u00bbyes\u00bb vertically_align_content_in_middle=\u00bbyes\u00bb parallax_background_image=\u00bb6680&#8243; css=\u00bb.vc_custom_1689065620545{padding-left: 350px !important;}\u00bb][vc_column width=\u00bb7\/12&#8243;]\n<div class=\"qodef-custom-font-holder\" style=\"font-family: Raleway;font-size: 70px;line-height: 83px;font-weight: 600;letter-spacing: 0px;text-transform: Capitalize;color: #212121\" data-font-size= 70 data-line-height= 83>\n\tAdBlue<\/div>[vc_empty_space height=\u00bb24px\u00bb]\n<div class=\"qodef-custom-font-holder\" style=\"font-family: Raleway;font-size: 24px;line-height: 35px;font-weight: 400;letter-spacing: 0px;color: #5f5f5f\" data-font-size= 24 data-line-height= 35>\n\tPotencia tu rendimiento, cuida el medio ambiente con Adblue<\/div>[vc_empty_space height=\u00bb39px\u00bb][\/vc_column][vc_column width=\u00bb5\/12&#8243;][\/vc_column][\/vc_row][vc_row content_width=\u00bbgrid\u00bb][vc_column offset=\u00bbvc_col-md-6&#8243;][vc_empty_space height=\u00bb11px\u00bb][vc_column_text]<\/p>\n<h2>Desde 2006<\/h2>\n<p>[\/vc_column_text][vc_empty_space height=\u00bb22px\u00bb][vc_column_text]<\/p>\n<h4>La mayor\u00eda de los grandes fabricantes de camiones y autobuses de Europa tienen muchos modelos que requieren Blue+. Por ello, la mayor\u00eda de los profesionales de la carretera necesitan este producto para eliminar los \u00f3xidos de nitr\u00f3geno de los gases que emiten.<\/h4>\n<p>[\/vc_column_text][vc_empty_space][vc_empty_space height=\u00bb40px\u00bb][\/vc_column][vc_column offset=\u00bbvc_col-md-6&#8243;][vc_empty_space height=\u00bb10px\u00bb][vc_single_image image=\u00bb6580&#8243; img_size=\u00bbmedium\u00bb style=\u00bbvc_box_rounded\u00bb css_animation=\u00bbnone\u00bb][vc_empty_space height=\u00bb40px\u00bb][\/vc_column][\/vc_row][vc_row row_type=\u00bbparallax\u00bb content_width=\u00bbgrid\u00bb content_aligment=\u00bbcenter\u00bb full_screen_section_height=\u00bbno\u00bb parallax_background_image=\u00bb6697&#8243; css=\u00bb.vc_custom_1688979982385{padding-top: 142px !important;padding-bottom: 102px !important;}\u00bb][vc_column offset=\u00bbvc_col-lg-offset-2 vc_col-lg-8&#8243;]\n<div class=\"qodef-custom-font-holder\" style=\"font-family: Raleway;font-size: 48px;line-height: 49px;font-weight: 700;letter-spacing: 0px;color: #ffffff\" data-font-size= 48 data-line-height= 49>\n\tSoluci\u00f3n limpia y no t\u00f3xica<\/div>[vc_empty_space height=\u00bb18px\u00bb][vc_column_text]<\/p>\n<h3><span style=\"color: #dbdbdb;\">Esta soluci\u00f3n, se puede manejar con seguridad y no da\u00f1a el medio ambiente.\u00a0<\/span><\/h3>\n<p>[\/vc_column_text][vc_empty_space height=\u00bb54px\u00bb][vc_empty_space height=\u00bb40px\u00bb][\/vc_column][\/vc_row][vc_row content_width=\u00bbgrid\u00bb content_aligment=\u00bbcenter\u00bb css=\u00bb.vc_custom_1446723445717{padding-top: 103px !important;padding-bottom: 42px !important;}\u00bb][vc_column][vc_column_text]<\/p>\n<h2>Su compuesto<\/h2>\n<p>[\/vc_column_text][vc_empty_space height=\u00bb22px\u00bb][vc_column_text]<\/p>\n<h4>Est\u00e1 compuesto por un producto qu\u00edmico llamado urea (tambi\u00e9n llamado carbamida) disuelto en agua pura. La urea es un producto sint\u00e9tico, fabricado a partir de gas natural, y que se utiliza en fertilizantes qu\u00edmicos, en pl\u00e1sticos y en cosm\u00e9ticos.<\/h4>\n<p>[\/vc_column_text][vc_empty_space height=\u00bb40px\u00bb][\/vc_column][\/vc_row][vc_row content_width=\u00bbgrid\u00bb content_aligment=\u00bbcenter\u00bb][vc_column]<div class=\"qodef-elements-holder qodef-responsive-mode-768\" ><div class=\"qodef-elements-holder-item qodef-vertical-alignment-bottom qodef-horizontal-alignment-center\" >\n\t<div class=\"qodef-elements-holder-item-inner\">\n\t\t<div class=\"qodef-elements-holder-item-content qodef-elements-holder-custom-133923\" style=\"padding: 0 0 0 0\">\n\t\t\t\t\t\t[vc_single_image image=\u00bb6683&#8243; img_size=\u00bbfull\u00bb alignment=\u00bbcenter\u00bb css_animation=\u00bbnone\u00bb]\t\t<\/div>\n\t<\/div>\n<\/div><\/div>[\/vc_column][\/vc_row][vc_row row_type=\u00bbparallax\u00bb content_width=\u00bbgrid\u00bb content_aligment=\u00bbcenter\u00bb full_screen_section_height=\u00bbno\u00bb parallax_background_image=\u00bb6706&#8243; css=\u00bb.vc_custom_1688981034817{padding-top: 120px !important;padding-bottom: 75px !important;}\u00bb][vc_column offset=\u00bbvc_col-lg-offset-1 vc_col-lg-10&#8243;]\n<div class=\"qodef-custom-font-holder\" style=\"font-family: Raleway;font-size: 48px;line-height: 49px;font-weight: 700;letter-spacing: 0px;color: #ffffff\" data-font-size= 48 data-line-height= 49>\n\tReducci\u00f3n catal\u00edtica selectiva (SCR)<\/div>[vc_empty_space height=\u00bb18px\u00bb][vc_column_text]<\/p>\n<h4><span style=\"color: #dbdbdb;\">Se utiliza en un avanzado sistema de control de contamienaci\u00f3n instalado en el tubo de escape que se denomina reducci\u00f3n catal\u00edtica selectiva (SCR).<\/span><\/h4>\n<p>[\/vc_column_text][vc_empty_space height=\u00bb44px\u00bb][vc_empty_space height=\u00bb40px\u00bb][\/vc_column][\/vc_row][vc_row content_width=\u00bbgrid\u00bb content_aligment=\u00bbcenter\u00bb css=\u00bb.vc_custom_1446723445717{padding-top: 103px !important;padding-bottom: 42px !important;}\u00bb][vc_column][vc_empty_space height=\u00bb22px\u00bb][vc_column_text]<\/p>\n<h4>Los sistemas SCR hacen reaccionar el Adblue con los gases da\u00f1inos NOx en el tubo de escape para formar agua y nitr\u00f3geno, que son completamente inocuos. NOx es la abreviatura de gases de \u00f3xidos de nitr\u00f3geno, que se producen durante el proceso de combusti\u00f3n en los motores diesel y que son uno de los principales componentes de la contaminaci\u00f3n atmosf\u00e9rica.<\/h4>\n<p>[\/vc_column_text][vc_empty_space height=\u00bb40px\u00bb][\/vc_column][\/vc_row][vc_row content_aligment=\u00bbcenter\u00bb css=\u00bb.vc_custom_1688969429997{background-image: url(https:\/\/ibergas.net\/wp-content\/uploads\/2023\/06\/28287-azul-oscuro1.png?id=6220) !important;}\u00bb][vc_column][vc_empty_space height=\u00bb45px\u00bb]\n\n\t<div class=\"qodef-call-to-action normal\">\n\n\t\t\t\t<div class=\"qodef-container-inner\">\n\t\t\t\t\t<div class=\"qodef-call-to-action-row-75-25 clearfix\" style=\"padding: 54px 0px;\">\n\t\t\n\t\t\t\t<div class=\"qodef-text-wrapper qodef-call-to-action-column1 qodef-call-to-action-cell\">\n\n\t\t\t\t\n\t\t\t\t\t<div class=\"qodef-call-to-action-text\" >\n\t\t\t\t\t\t\n<h1><span style=\"color: #ffffff;\">\u00a1Obt\u00e9n asesoramiento gratuito!<\/span><\/h1>\n<h1><strong style=\"color: #ffffff; font-size: 16px;\">Contacte ahora con nuestro departamento t\u00e9cnico<\/strong><\/h1>\n<h1><\/h1>\n\t\t\t\t\t<\/div>\n\n\t\t\t\t<\/div>\n\n\t\t\t\t\n\t\t\t\t\t<div class=\"qodef-button-wrapper qodef-call-to-action-column2 qodef-call-to-action-cell\" style =\"text-align: right ;\">\n\n\t\t\t\t\t\t<a href=\"https:\/\/ibergas.net\/index.php\/contacto\/\" target=\"_self\" style=\"color: #ffffff\" class=\"qodef-btn qodef-btn-medium qodef-btn-outline qodef-btn-custom-border-hover qodef-btn-custom-hover-color qodef-btn-icon\" data-hover-color=\"#ffffff\" data-hover-border-color=\"#ffffff\" >        <span class=\"qodef-btn-text\">Contactar ahora<\/span>    <span class=\"qodef-btn-text-icon\"><i class=\"qodef-icon-simple-line-icon icon-arrow-right-circle \" ><\/i><\/span><\/a>\n\t\t\t\t\t<\/div>\n\n\t\t\t\t\n\t\t\t<\/div>\n\n\t\t\t\t<\/div>\n\t\t\n\t<\/div>\n\n[vc_empty_space height=\u00bb60px\u00bb][\/vc_column][\/vc_row]<\/p>\n","protected":false},"excerpt":{"rendered":"<p>[vc_row row_type=\u00bbparallax\u00bb full_screen_section_height=\u00bbyes\u00bb vertically_align_content_in_middle=\u00bbyes\u00bb parallax_background_image=\u00bb6680&#8243; css=\u00bb.vc_custom_1689065620545{padding-left: 350px !important;}\u00bb][vc_column width=\u00bb7\/12&#8243;][vc_empty_space height=\u00bb24px\u00bb][vc_empty_space height=\u00bb39px\u00bb][\/vc_column][vc_column width=\u00bb5\/12&#8243;][\/vc_column][\/vc_row][vc_row content_width=\u00bbgrid\u00bb][vc_column offset=\u00bbvc_col-md-6&#8243;][vc_empty_space height=\u00bb11px\u00bb][vc_column_text] Desde 2006 [\/vc_column_text][vc_empty_space height=\u00bb22px\u00bb][vc_column_text] La mayor\u00eda&#8230;<\/p>\n","protected":false},"author":1,"featured_media":0,"parent":0,"menu_order":0,"comment_status":"closed","ping_status":"closed","template":"full-width.php","meta":{"footnotes":""},"class_list":["post-6113","page","type-page","status-publish","hentry"],"_links":{"self":[{"href":"https:\/\/ibergas.net\/index.php\/wp-json\/wp\/v2\/pages\/6113","targetHints":{"allow":["GET"]}}],"collection":[{"href":"https:\/\/ibergas.net\/index.php\/wp-json\/wp\/v2\/pages"}],"about":[{"href":"https:\/\/ibergas.net\/index.php\/wp-json\/wp\/v2\/types\/page"}],"author":[{"embeddable":true,"href":"https:\/\/ibergas.net\/index.php\/wp-json\/wp\/v2\/users\/1"}],"replies":[{"embeddable":true,"href":"https:\/\/ibergas.net\/index.php\/wp-json\/wp\/v2\/comments?post=6113"}],"version-history":[{"count":45,"href":"https:\/\/ibergas.net\/index.php\/wp-json\/wp\/v2\/pages\/6113\/revisions"}],"predecessor-version":[{"id":6746,"href":"https:\/\/ibergas.net\/index.php\/wp-json\/wp\/v2\/pages\/6113\/revisions\/6746"}],"wp:attachment":[{"href":"https:\/\/ibergas.net\/index.php\/wp-json\/wp\/v2\/media?parent=6113"}],"curies":[{"name":"wp","href":"https:\/\/api.w.org\/{rel}","templated":true}]}}