{"id":6112,"date":"2015-11-05T10:41:45","date_gmt":"2015-11-05T10:41:45","guid":{"rendered":"https:\/\/ibergas.net\/?page_id=6112"},"modified":"2023-07-11T07:08:20","modified_gmt":"2023-07-11T07:08:20","slug":"gasoleo-b","status":"publish","type":"page","link":"https:\/\/ibergas.net\/index.php\/gasoleo-b\/","title":{"rendered":"Gas\u00f3leo B"},"content":{"rendered":"<p>[vc_row row_type=\u00bbparallax\u00bb content_width=\u00bbgrid\u00bb content_aligment=\u00bbright\u00bb full_screen_section_height=\u00bbyes\u00bb vertically_align_content_in_middle=\u00bbyes\u00bb parallax_background_image=\u00bb6598&#8243;][vc_column width=\u00bb7\/12&#8243;]\n<div class=\"qodef-custom-font-holder\" style=\"font-family: Raleway;font-size: 70px;line-height: 83px;font-weight: 600;letter-spacing: 0px;text-transform: Capitalize;text-align: left;color: #212121\" data-font-size= 70 data-line-height= 83>\n\tGas\u00f3leo B<\/div>[vc_empty_space height=\u00bb24px\u00bb]\n<div class=\"qodef-custom-font-holder\" style=\"font-family: Raleway;font-size: 24px;line-height: 35px;font-weight: 400;letter-spacing: 0px;text-align: left;color: #5f5f5f\" data-font-size= 24 data-line-height= 35>\n\tMayor rendimiento y fiabilidad<\/div>[vc_empty_space height=\u00bb39px\u00bb][\/vc_column][vc_column width=\u00bb5\/12&#8243;][\/vc_column][\/vc_row][vc_row content_width=\u00bbgrid\u00bb css=\u00bb.vc_custom_1446722229051{padding-top: 135px !important;padding-bottom: 128px !important;}\u00bb][vc_column offset=\u00bbvc_col-md-6&#8243;][vc_empty_space height=\u00bb10px\u00bb][vc_single_image image=\u00bb6635&#8243; img_size=\u00bbfull\u00bb css_animation=\u00bbnone\u00bb][vc_empty_space height=\u00bb40px\u00bb][\/vc_column][vc_column offset=\u00bbvc_col-md-6&#8243;][vc_column_text]<\/p>\n<h2>Potencia y protecci\u00f3n<\/h2>\n<p>[\/vc_column_text][vc_empty_space height=\u00bb22px\u00bb][vc_column_text]<\/p>\n<h4>Nuestro gas\u00f3leo B otorga potencia y protecci\u00f3n para la maquinaria de obra.<\/h4>\n<p>Este producto est\u00e1 altamente recomendado para la maquinaria de \u00faltima generaci\u00f3n en la industria de obra y grupos electr\u00f3genos. Esta avanzada soluci\u00f3n permite a los profesionales involucrados en esta actividad maximizar su inversi\u00f3n al evitar los problemas tradicionales de oxidaci\u00f3n y corrosi\u00f3n en los motores.[\/vc_column_text][vc_empty_space height=\u00bb40px\u00bb][\/vc_column][\/vc_row][vc_row row_type=\u00bbparallax\u00bb content_width=\u00bbgrid\u00bb content_aligment=\u00bbcenter\u00bb full_screen_section_height=\u00bbno\u00bb css=\u00bb.vc_custom_1688750802664{padding-top: 120px !important;padding-bottom: 75px !important;background-image: url(https:\/\/ibergas.net\/wp-content\/uploads\/2023\/07\/gasoleob.png?id=6616) !important;background-position: center !important;background-repeat: no-repeat !important;background-size: cover !important;}\u00bb][vc_column offset=\u00bbvc_col-lg-offset-1 vc_col-lg-10&#8243;]\n<div class=\"qodef-custom-font-holder\" style=\"font-family: Raleway;font-size: 48px;line-height: 49px;font-weight: 700;letter-spacing: 0px;color: #ffffff\" data-font-size= 48 data-line-height= 49>\n\tConscientes de las condiciones extremas a las que se enfrentan diariamente las maquinarias<\/div>[vc_empty_space height=\u00bb18px\u00bb][vc_column_text]<\/p>\n<h4 style=\"text-align: left;\"><span style=\"color: #dbdbdb;\">Somos conscientes de las condiciones extremadamente duras a las que se enfrentan diariamente la maquinaria utilizada en las obras p\u00fablicas. Por esta raz\u00f3n, el gas\u00f3leo B de \u00faltima generaci\u00f3n estabiliza la corrosi\u00f3n, evita la generaci\u00f3n de residuos gomosos y s\u00f3lidos en el gas\u00f3leo. Esta ventaja impacta directamente en el correcto funcionamiento de los inyectores de carburante del motor adem\u00e1s de la disminuci\u00f3n de aver\u00edas.<\/span><\/h4>\n<p>[\/vc_column_text][vc_empty_space height=\u00bb44px\u00bb][vc_empty_space height=\u00bb40px\u00bb][\/vc_column][\/vc_row][vc_row content_width=\u00bbgrid\u00bb content_aligment=\u00bbcenter\u00bb css=\u00bb.vc_custom_1446723445717{padding-top: 103px !important;padding-bottom: 42px !important;}\u00bb][vc_column][vc_empty_space height=\u00bb22px\u00bb][vc_column_text]<\/p>\n<h4 style=\"text-align: left;\">La corrosi\u00f3n es uno de los problemas m\u00e1s comunes que afectan a los motores y maquinaria utilizada en las obras p\u00fablicas. Es por eso que el gas\u00f3leo B brinda una s\u00f3lida proteccion contra la corrosi\u00f3n, conservando en \u00f3ptimas condiciones en sistema de alimentaci\u00f3n de inyecci\u00f3n de carburante.<\/h4>\n<p>[\/vc_column_text][vc_empty_space height=\u00bb40px\u00bb][\/vc_column][\/vc_row][vc_row content_width=\u00bbgrid\u00bb content_aligment=\u00bbcenter\u00bb][vc_column]<div class=\"qodef-elements-holder qodef-responsive-mode-768\" ><div class=\"qodef-elements-holder-item qodef-vertical-alignment-bottom qodef-horizontal-alignment-center\" >\n\t<div class=\"qodef-elements-holder-item-inner\">\n\t\t<div class=\"qodef-elements-holder-item-content qodef-elements-holder-custom-957633\" style=\"padding: 0 0 0 0\">\n\t\t\t\t\t\t[vc_single_image image=\u00bb6624&#8243; img_size=\u00bbfull\u00bb alignment=\u00bbcenter\u00bb css_animation=\u00bbbottom-to-top\u00bb]\t\t<\/div>\n\t<\/div>\n<\/div><\/div>[\/vc_column][\/vc_row][vc_row content_width=\u00bbgrid\u00bb content_aligment=\u00bbcenter\u00bb css=\u00bb.vc_custom_1446729912837{padding-bottom: 99px !important;}\u00bb][vc_column]<div class=\"qodef-elements-holder qodef-three-columns qodef-responsive-mode-768\" ><div class=\"qodef-elements-holder-item qodef-vertical-alignment-middle qodef-horizontal-alignment-right\" >\n\t<div class=\"qodef-elements-holder-item-inner\">\n\t\t<div class=\"qodef-elements-holder-item-content qodef-elements-holder-custom-235541\" style=\"padding: 36% 23% 0px 0\">\n\t\t\t\t\t\t[vc_empty_space height=\u00bb16px\u00bb][vc_column_text]Mayor rendimiento y fiabilidad.[\/vc_column_text][vc_empty_space height=\u00bb69px\u00bb][vc_column_text]Estabilizaci\u00f3n del carburante, minimizando la formaci\u00f3n de residuos insolubles y reduciendo la obstrucci\u00f3n de los filtros.[\/vc_column_text][vc_empty_space height=\u00bb69px\u00bb][vc_column_text]Menores costes de mantenimiento.[\/vc_column_text][vc_empty_space height=\u00bb69px\u00bb][vc_column_text]Especialmente indicado para m\u00e1quinas de \u00faltima generacion con motorizaciones diesel de tipo \u00abcommon rail\u00bb.[\/vc_column_text][vc_empty_space height=\u00bb69px\u00bb][vc_column_text]Versatilidad, dise\u00f1ado para todo tipo de maquinaria utilizada en las obras p\u00fablicas, miner\u00eda o industria.[\/vc_column_text][vc_empty_space height=\u00bb69px\u00bb][vc_column_text]Protecci\u00f3n anticorrosi\u00f3n, prolongando la vida \u00fatil de la maquinaria.[\/vc_column_text][vc_empty_space height=\u00bb40px\u00bb]\t\t<\/div>\n\t<\/div>\n<\/div><div class=\"qodef-elements-holder-item qodef-vertical-alignment-middle qodef-horizontal-alignment-center\" >\n\t<div class=\"qodef-elements-holder-item-inner\">\n\t\t<div class=\"qodef-elements-holder-item-content qodef-elements-holder-custom-692939\" style=\"padding: 24% 0 0 0\">\n\t\t\t\t\t\t[vc_single_image image=\u00bb6600&#8243; img_size=\u00bbfull\u00bb alignment=\u00bbcenter\u00bb css_animation=\u00bbappear\u00bb][vc_empty_space height=\u00bb40px\u00bb]\t\t<\/div>\n\t<\/div>\n<\/div><div class=\"qodef-elements-holder-item qodef-vertical-alignment-middle qodef-horizontal-alignment-left\" >\n\t<div class=\"qodef-elements-holder-item-inner\">\n\t\t<div class=\"qodef-elements-holder-item-content qodef-elements-holder-custom-807935\" style=\"padding: 36% 0 0px 23%\">\n\t\t\t\t\t\t[vc_empty_space height=\u00bb16px\u00bb][vc_column_text]Estabilidad, al minimizar la formaci\u00f3n de part\u00edculas insolubles.[\/vc_column_text][vc_empty_space height=\u00bb69px\u00bb][vc_empty_space height=\u00bb16px\u00bb][vc_column_text]Mantenimiento reducido, lo que resulta en menores costes.[\/vc_column_text][vc_empty_space height=\u00bb69px\u00bb][vc_empty_space height=\u00bb16px\u00bb][vc_column_text]Combusti\u00f3n optimizada, maximizando la potencia y el consumo eficiente.[\/vc_column_text][vc_empty_space height=\u00bb69px\u00bb][vc_empty_space height=\u00bb16px\u00bb][vc_column_text]Mayor fiabilidad, incrementando el tiempo de operaci\u00f3n y reduciendo las incidencias.[\/vc_column_text][vc_empty_space height=\u00bb69px\u00bb][vc_empty_space height=\u00bb16px\u00bb][vc_column_text]Almacenamiento seguro, conservando las propiedades del carburante durante largos periodos.[\/vc_column_text][vc_empty_space height=\u00bb69px\u00bb]\t\t<\/div>\n\t<\/div>\n<\/div><\/div>[\/vc_column][\/vc_row][vc_row content_aligment=\u00bbcenter\u00bb css=\u00bb.vc_custom_1688750522263{padding-top: 120px !important;padding-bottom: 75px !important;background-image: url(https:\/\/ibergas.net\/wp-content\/uploads\/2023\/07\/gasoleob-copia.png?id=6622) !important;background-position: center !important;background-repeat: no-repeat !important;background-size: cover !important;}\u00bb][vc_column offset=\u00bbvc_col-lg-offset-2 vc_col-lg-8&#8243;]\n<div class=\"qodef-custom-font-holder\" style=\"font-family: Raleway;font-size: 48px;line-height: 49px;font-weight: 700;letter-spacing: 0px;text-transform: Capitalize;color: #ffffff\" data-font-size= 48 data-line-height= 49>\n\tGas\u00f3leo B<\/div>[vc_empty_space height=\u00bb18px\u00bb][vc_column_text]<\/p>\n<h3><span style=\"color: #dbdbdb;\">Es la elecci\u00f3n ideal para impulsar su maquinaria y proteger su inversi\u00f3n en la obra p\u00fablica.<\/span><\/h3>\n<p>[\/vc_column_text][vc_empty_space height=\u00bb54px\u00bb][vc_empty_space height=\u00bb40px\u00bb][\/vc_column][\/vc_row][vc_row content_aligment=\u00bbcenter\u00bb css=\u00bb.vc_custom_1688461998387{background-image: url(https:\/\/ibergas.net\/wp-content\/uploads\/2023\/06\/28287-azul-oscuro1.png?id=6220) !important;}\u00bb][vc_column][vc_empty_space height=\u00bb45px\u00bb]\n\n\t<div class=\"qodef-call-to-action normal\">\n\n\t\t\t\t<div class=\"qodef-container-inner\">\n\t\t\t\t\t<div class=\"qodef-call-to-action-row-75-25 clearfix\" style=\"padding: 54px 0px;\">\n\t\t\n\t\t\t\t<div class=\"qodef-text-wrapper qodef-call-to-action-column1 qodef-call-to-action-cell\">\n\n\t\t\t\t\n\t\t\t\t\t<div class=\"qodef-call-to-action-text\" >\n\t\t\t\t\t\t\n<h1><span style=\"color: #ffffff;\">\u00a1Obt\u00e9n asesoramiento gratuito!<\/span><\/h1>\n<h1><strong style=\"color: #ffffff; font-size: 16px;\">Contacte ahora con nuestro departamento t\u00e9cnico<\/strong><\/h1>\n<h1><\/h1>\n<h1><\/h1>\n\t\t\t\t\t<\/div>\n\n\t\t\t\t<\/div>\n\n\t\t\t\t\n\t\t\t\t\t<div class=\"qodef-button-wrapper qodef-call-to-action-column2 qodef-call-to-action-cell\" style =\"text-align: right ;\">\n\n\t\t\t\t\t\t<a href=\"https:\/\/ibergas.net\/index.php\/contacto\/\" target=\"_self\" style=\"color: #ffffff\" class=\"qodef-btn qodef-btn-medium qodef-btn-outline qodef-btn-custom-border-hover qodef-btn-custom-hover-color qodef-btn-icon\" data-hover-color=\"#ffffff\" data-hover-border-color=\"#ffffff\" >        <span class=\"qodef-btn-text\">Contactar ahora<\/span>    <span class=\"qodef-btn-text-icon\"><i class=\"qodef-icon-simple-line-icon icon-arrow-right-circle \" ><\/i><\/span><\/a>\n\t\t\t\t\t<\/div>\n\n\t\t\t\t\n\t\t\t<\/div>\n\n\t\t\t\t<\/div>\n\t\t\n\t<\/div>\n\n[\/vc_column][\/vc_row]<\/p>\n","protected":false},"excerpt":{"rendered":"<p>[vc_row row_type=\u00bbparallax\u00bb content_width=\u00bbgrid\u00bb content_aligment=\u00bbright\u00bb full_screen_section_height=\u00bbyes\u00bb vertically_align_content_in_middle=\u00bbyes\u00bb parallax_background_image=\u00bb6598&#8243;][vc_column width=\u00bb7\/12&#8243;][vc_empty_space height=\u00bb24px\u00bb][vc_empty_space height=\u00bb39px\u00bb][\/vc_column][vc_column width=\u00bb5\/12&#8243;][\/vc_column][\/vc_row][vc_row content_width=\u00bbgrid\u00bb css=\u00bb.vc_custom_1446722229051{padding-top: 135px !important;padding-bottom: 128px !important;}\u00bb][vc_column offset=\u00bbvc_col-md-6&#8243;][vc_empty_space height=\u00bb10px\u00bb][vc_single_image image=\u00bb6635&#8243; img_size=\u00bbfull\u00bb&#8230;<\/p>\n","protected":false},"author":1,"featured_media":0,"parent":0,"menu_order":0,"comment_status":"closed","ping_status":"closed","template":"full-width.php","meta":{"footnotes":""},"class_list":["post-6112","page","type-page","status-publish","hentry"],"_links":{"self":[{"href":"https:\/\/ibergas.net\/index.php\/wp-json\/wp\/v2\/pages\/6112","targetHints":{"allow":["GET"]}}],"collection":[{"href":"https:\/\/ibergas.net\/index.php\/wp-json\/wp\/v2\/pages"}],"about":[{"href":"https:\/\/ibergas.net\/index.php\/wp-json\/wp\/v2\/types\/page"}],"author":[{"embeddable":true,"href":"https:\/\/ibergas.net\/index.php\/wp-json\/wp\/v2\/users\/1"}],"replies":[{"embeddable":true,"href":"https:\/\/ibergas.net\/index.php\/wp-json\/wp\/v2\/comments?post=6112"}],"version-history":[{"count":59,"href":"https:\/\/ibergas.net\/index.php\/wp-json\/wp\/v2\/pages\/6112\/revisions"}],"predecessor-version":[{"id":6730,"href":"https:\/\/ibergas.net\/index.php\/wp-json\/wp\/v2\/pages\/6112\/revisions\/6730"}],"wp:attachment":[{"href":"https:\/\/ibergas.net\/index.php\/wp-json\/wp\/v2\/media?parent=6112"}],"curies":[{"name":"wp","href":"https:\/\/api.w.org\/{rel}","templated":true}]}}