{"id":6111,"date":"2015-11-05T10:41:45","date_gmt":"2015-11-05T10:41:45","guid":{"rendered":"https:\/\/ibergas.net\/?page_id=6111"},"modified":"2023-07-11T06:53:20","modified_gmt":"2023-07-11T06:53:20","slug":"gasoleoa-a","status":"publish","type":"page","link":"https:\/\/ibergas.net\/index.php\/gasoleoa-a\/","title":{"rendered":"Gas\u00f3leo A"},"content":{"rendered":"<p>[vc_row row_type=\u00bbparallax\u00bb content_width=\u00bbgrid\u00bb content_aligment=\u00bbright\u00bb full_screen_section_height=\u00bbyes\u00bb vertically_align_content_in_middle=\u00bbyes\u00bb parallax_background_image=\u00bb6144&#8243;][vc_column width=\u00bb5\/12&#8243;][\/vc_column][vc_column width=\u00bb7\/12&#8243;]\n<div class=\"qodef-custom-font-holder\" style=\"font-family: Raleway;font-size: 80px;line-height: 83px;font-weight: 600;letter-spacing: 0px;text-transform: Capitalize;text-align: right;color: #212121\" data-font-size= 80 data-line-height= 83>\n\tGas\u00f3leo A<\/div>[vc_empty_space height=\u00bb24px\u00bb]\n<div class=\"qodef-custom-font-holder\" style=\"font-family: Raleway;font-size: 24px;line-height: 35px;font-weight: 400;letter-spacing: 0px;text-align: right;color: #5f5f5f\" data-font-size= 24 data-line-height= 35>\n\tPotencia y rendimiento en cada gota<\/div>[vc_empty_space height=\u00bb39px\u00bb][vc_empty_space][\/vc_column][\/vc_row][vc_row content_width=\u00bbgrid\u00bb css=\u00bb.vc_custom_1688461538356{padding-top: 135px !important;padding-bottom: 128px !important;}\u00bb][vc_column offset=\u00bbvc_col-md-6&#8243;][vc_column_text]<\/p>\n<h2>Veh\u00edculos diesel<\/h2>\n<p>[\/vc_column_text][vc_empty_space height=\u00bb22px\u00bb][vc_column_text]<\/p>\n<h4>Es un combustible derivado del petr\u00f3leo y se caracteriza por su alto contenido de energ\u00eda y su capacidad para generar una alta potencia en motores di\u00e9sel.<\/h4>\n<p>[\/vc_column_text][vc_empty_space height=\u00bb40px\u00bb][\/vc_column][vc_column offset=\u00bbvc_col-md-6&#8243;][vc_empty_space height=\u00bb10px\u00bb][vc_single_image image=\u00bb6171&#8243; img_size=\u00bbfull\u00bb css_animation=\u00bbright-to-left\u00bb][vc_empty_space height=\u00bb40px\u00bb][\/vc_column][\/vc_row][vc_row row_type=\u00bbparallax\u00bb content_width=\u00bbgrid\u00bb content_aligment=\u00bbcenter\u00bb full_screen_section_height=\u00bbno\u00bb parallax_background_image=\u00bb6177&#8243; css=\u00bb.vc_custom_1687456016553{padding-top: 120px !important;padding-bottom: 75px !important;}\u00bb][vc_column offset=\u00bbvc_col-lg-offset-1 vc_col-lg-10&#8243;]\n<div class=\"qodef-custom-font-holder\" style=\"font-family: Raleway;font-size: 48px;line-height: 49px;font-weight: 700;letter-spacing: 0px;color: #ffffff\" data-font-size= 48 data-line-height= 49>\n\tEl gas\u00f3leo A es ampliamente utilizado<\/div>[vc_empty_space height=\u00bb18px\u00bb][vc_column_text]<\/p>\n<h4><span style=\"color: #dbdbdb;\">En veh\u00edculos de transporte, autom\u00f3viles particulares, camiones, autobuses y maquinaria pesada. El combustible es conocido por su eficiencia energ\u00e9tica y su capacidad para proporcionar un alto par motor, lo que lo hace adecuado para aplicaciones que requieren un gran esfuerzo de tracci\u00f3n, como el transporte de carga.<\/span><\/h4>\n<p>[\/vc_column_text][vc_empty_space height=\u00bb44px\u00bb][vc_empty_space height=\u00bb40px\u00bb][\/vc_column][\/vc_row][vc_row content_width=\u00bbgrid\u00bb content_aligment=\u00bbcenter\u00bb css=\u00bb.vc_custom_1446723445717{padding-top: 103px !important;padding-bottom: 42px !important;}\u00bb][vc_column][vc_column_text]<\/p>\n<h2>Nuestro gas\u00f3leo de tipo A<\/h2>\n<p>[\/vc_column_text][vc_empty_space height=\u00bb22px\u00bb][vc_column_text]<\/p>\n<h4>Tiene como principal carter\u00edstica la protecci\u00f3n del motor y el alargamiento de la vida del mismo, entre sus principales caracter\u00edsticas se encuentra la protecci\u00f3n del sistema de alimentaci\u00f3n e inyecci\u00f3n contra ensuciamientos, que pueden penalizar la potencia, el consumo de carburante y las emisiones contaminantes.<\/h4>\n<p>[\/vc_column_text][vc_empty_space height=\u00bb40px\u00bb][\/vc_column][\/vc_row][vc_row content_width=\u00bbgrid\u00bb content_aligment=\u00bbcenter\u00bb][vc_column]<div class=\"qodef-elements-holder qodef-responsive-mode-768\" ><div class=\"qodef-elements-holder-item qodef-vertical-alignment-bottom qodef-horizontal-alignment-center\" >\n\t<div class=\"qodef-elements-holder-item-inner\">\n\t\t<div class=\"qodef-elements-holder-item-content qodef-elements-holder-custom-763867\" style=\"padding: 0 0 0 0\">\n\t\t\t\t\t\t[vc_single_image image=\u00bb6184&#8243; img_size=\u00bbfull\u00bb alignment=\u00bbcenter\u00bb css_animation=\u00bbslideInUp\u00bb]\t\t<\/div>\n\t<\/div>\n<\/div><\/div>[\/vc_column][\/vc_row][vc_row row_type=\u00bbparallax\u00bb content_width=\u00bbgrid\u00bb content_aligment=\u00bbcenter\u00bb full_screen_section_height=\u00bbno\u00bb parallax_background_image=\u00bb6179&#8243; css=\u00bb.vc_custom_1687456386673{padding-top: 142px !important;padding-bottom: 102px !important;}\u00bb][vc_column offset=\u00bbvc_col-lg-offset-2 vc_col-lg-8&#8243;]\n<div class=\"qodef-custom-font-holder\" style=\"font-family: Raleway;font-size: 48px;line-height: 49px;font-weight: 700;letter-spacing: 0px;color: #ffffff\" data-font-size= 48 data-line-height= 49>\n\tLas excelentes propiedades<\/div>[vc_empty_space height=\u00bb18px\u00bb][vc_column_text]<\/p>\n<h4><span style=\"color: #dbdbdb;\">Detergentes de nuestro gas\u00f3leo A controla la aparici\u00f3n de residuos carbonosos y la dispersi\u00f3n de las part\u00edculas con potencial abrasivo, permitiendo la \u00f3ptima pulverizaci\u00f3n y asegurando la entrega de carburante especificada por el fabricante del motro, y por lo tanto una \u00f3ptima calidad en inyecci\u00f3n y combusti\u00f3n.<\/span><\/h4>\n<p>[\/vc_column_text][vc_empty_space height=\u00bb54px\u00bb][vc_empty_space height=\u00bb40px\u00bb][\/vc_column][\/vc_row][vc_row content_width=\u00bbgrid\u00bb content_aligment=\u00bbcenter\u00bb css=\u00bb.vc_custom_1446729912837{padding-bottom: 99px !important;}\u00bb][vc_column][vc_empty_space height=\u00bb62px\u00bb][vc_column_text]<\/p>\n<h3 style=\"text-align: center;\">En definitiva, la alta calidad del gas\u00f3leo A otroga las siguientes caracter\u00edsticas:<\/h3>\n<p>[\/vc_column_text]<div class=\"qodef-elements-holder qodef-three-columns qodef-responsive-mode-768\" ><div class=\"qodef-elements-holder-item qodef-vertical-alignment-middle qodef-horizontal-alignment-right\" >\n\t<div class=\"qodef-elements-holder-item-inner\">\n\t\t<div class=\"qodef-elements-holder-item-content qodef-elements-holder-custom-557879\" style=\"padding: 36% 23% 0px 0\">\n\t\t\t\t\t\t[vc_column_text]<\/p>\n<h5>Exclusivas propiedades detergentes.<\/h5>\n<p>[\/vc_column_text][vc_empty_space height=\u00bb69px\u00bb][vc_column_text]<\/p>\n<h5>Formulaci\u00f3n espec\u00edfica anticorrosi\u00f3n.<\/h5>\n<p>[\/vc_column_text][vc_empty_space height=\u00bb69px\u00bb][vc_column_text]<\/p>\n<div class=\"wpb_text_column wpb_content_element \">\n<div class=\"wpb_wrapper\">\n<h5>Mol\u00e9culas antiespumantes.<\/h5>\n<\/div>\n<\/div>\n<h5><\/h5>\n<p>[\/vc_column_text][vc_empty_space height=\u00bb40px\u00bb]\t\t<\/div>\n\t<\/div>\n<\/div><div class=\"qodef-elements-holder-item qodef-vertical-alignment-middle qodef-horizontal-alignment-center\" >\n\t<div class=\"qodef-elements-holder-item-inner\">\n\t\t<div class=\"qodef-elements-holder-item-content qodef-elements-holder-custom-570839\" style=\"padding: 24% 0 0 0\">\n\t\t\t\t\t\t[vc_single_image image=\u00bb6189&#8243; img_size=\u00bbfull\u00bb alignment=\u00bbcenter\u00bb css_animation=\u00bbappear\u00bb][vc_empty_space height=\u00bb40px\u00bb]\t\t<\/div>\n\t<\/div>\n<\/div><div class=\"qodef-elements-holder-item qodef-vertical-alignment-middle qodef-horizontal-alignment-left\" >\n\t<div class=\"qodef-elements-holder-item-inner\">\n\t\t<div class=\"qodef-elements-holder-item-content qodef-elements-holder-custom-636822\" style=\"padding: 36% 0 0px 23%\">\n\t\t\t\t\t\t[vc_column_text]<\/p>\n<h5>\u00d3ptimo n\u00famero de cetano.<\/h5>\n<p>[\/vc_column_text][vc_empty_space height=\u00bb69px\u00bb][vc_column_text]<\/p>\n<h5>Sistema desactivador de metales.<\/h5>\n<p>[\/vc_column_text][vc_empty_space height=\u00bb69px\u00bb][vc_column_text]<\/p>\n<div class=\"wpb_text_column wpb_content_element \">\n<div class=\"wpb_wrapper\">\n<h5>Bajo nivel de azufre<\/h5>\n<\/div>\n<\/div>\n<h5><\/h5>\n<p>[\/vc_column_text][vc_empty_space height=\u00bb40px\u00bb]\t\t<\/div>\n\t<\/div>\n<\/div><\/div>[\/vc_column][\/vc_row][vc_row content_aligment=\u00bbcenter\u00bb css_animation=\u00bbqodef-element-from-fade\u00bb css=\u00bb.vc_custom_1688462074133{background-image: url(https:\/\/ibergas.net\/wp-content\/uploads\/2023\/06\/28287-azul-oscuro1.png?id=6220) !important;}\u00bb][vc_column][vc_empty_space height=\u00bb45px\u00bb]\n\n\t<div class=\"qodef-call-to-action normal\">\n\n\t\t\t\t<div class=\"qodef-container-inner\">\n\t\t\t\t\t<div class=\"qodef-call-to-action-row-75-25 clearfix\" style=\"padding: 54px 0px;\">\n\t\t\n\t\t\t\t<div class=\"qodef-text-wrapper qodef-call-to-action-column1 qodef-call-to-action-cell\">\n\n\t\t\t\t\n\t\t\t\t\t<div class=\"qodef-call-to-action-text\" >\n\t\t\t\t\t\t\n<h1><span style=\"color: #ffffff;\">\u00a1Obt\u00e9n asesoramiento gratuito!<\/span><\/h1>\n<h1><strong style=\"color: #ffffff; font-size: 16px;\">Contacte ahora con nuestro departamento t\u00e9cnico<\/strong><\/h1>\n<h1><\/h1>\n<h1><\/h1>\n\t\t\t\t\t<\/div>\n\n\t\t\t\t<\/div>\n\n\t\t\t\t\n\t\t\t\t\t<div class=\"qodef-button-wrapper qodef-call-to-action-column2 qodef-call-to-action-cell\" style =\"text-align: right ;\">\n\n\t\t\t\t\t\t<a href=\"https:\/\/ibergas.net\/index.php\/contacto\/\" target=\"_self\" style=\"color: #ffffff\" class=\"qodef-btn qodef-btn-medium qodef-btn-outline qodef-btn-custom-border-hover qodef-btn-custom-hover-color qodef-btn-icon\" data-hover-color=\"#fcfcfc\" data-hover-border-color=\"#ffffff\" >        <span class=\"qodef-btn-text\">Contactar ahora<\/span>    <span class=\"qodef-btn-text-icon\"><i class=\"qodef-icon-simple-line-icon icon-arrow-right-circle \" ><\/i><\/span><\/a>\n\t\t\t\t\t<\/div>\n\n\t\t\t\t\n\t\t\t<\/div>\n\n\t\t\t\t<\/div>\n\t\t\n\t<\/div>\n\n[\/vc_column][\/vc_row]<\/p>\n","protected":false},"excerpt":{"rendered":"<p>[vc_row row_type=\u00bbparallax\u00bb content_width=\u00bbgrid\u00bb content_aligment=\u00bbright\u00bb full_screen_section_height=\u00bbyes\u00bb vertically_align_content_in_middle=\u00bbyes\u00bb parallax_background_image=\u00bb6144&#8243;][vc_column width=\u00bb5\/12&#8243;][\/vc_column][vc_column width=\u00bb7\/12&#8243;][vc_empty_space height=\u00bb24px\u00bb][vc_empty_space height=\u00bb39px\u00bb][vc_empty_space][\/vc_column][\/vc_row][vc_row content_width=\u00bbgrid\u00bb css=\u00bb.vc_custom_1688461538356{padding-top: 135px !important;padding-bottom: 128px !important;}\u00bb][vc_column offset=\u00bbvc_col-md-6&#8243;][vc_column_text] Veh\u00edculos diesel [\/vc_column_text][vc_empty_space&#8230;<\/p>\n","protected":false},"author":1,"featured_media":0,"parent":0,"menu_order":0,"comment_status":"closed","ping_status":"closed","template":"full-width.php","meta":{"footnotes":""},"class_list":["post-6111","page","type-page","status-publish","hentry"],"_links":{"self":[{"href":"https:\/\/ibergas.net\/index.php\/wp-json\/wp\/v2\/pages\/6111","targetHints":{"allow":["GET"]}}],"collection":[{"href":"https:\/\/ibergas.net\/index.php\/wp-json\/wp\/v2\/pages"}],"about":[{"href":"https:\/\/ibergas.net\/index.php\/wp-json\/wp\/v2\/types\/page"}],"author":[{"embeddable":true,"href":"https:\/\/ibergas.net\/index.php\/wp-json\/wp\/v2\/users\/1"}],"replies":[{"embeddable":true,"href":"https:\/\/ibergas.net\/index.php\/wp-json\/wp\/v2\/comments?post=6111"}],"version-history":[{"count":81,"href":"https:\/\/ibergas.net\/index.php\/wp-json\/wp\/v2\/pages\/6111\/revisions"}],"predecessor-version":[{"id":6729,"href":"https:\/\/ibergas.net\/index.php\/wp-json\/wp\/v2\/pages\/6111\/revisions\/6729"}],"wp:attachment":[{"href":"https:\/\/ibergas.net\/index.php\/wp-json\/wp\/v2\/media?parent=6111"}],"curies":[{"name":"wp","href":"https:\/\/api.w.org\/{rel}","templated":true}]}}