{"id":6101,"date":"2015-11-05T10:41:45","date_gmt":"2015-11-05T10:41:45","guid":{"rendered":"https:\/\/ibergas.net\/?page_id=6101"},"modified":"2023-07-10T14:37:09","modified_gmt":"2023-07-10T14:37:09","slug":"suministro-gaseleos","status":"publish","type":"page","link":"https:\/\/ibergas.net\/index.php\/suministro-gaseleos\/","title":{"rendered":"Suministros de gas\u00f3leos"},"content":{"rendered":"<p>[vc_row row_type=\u00bbparallax\u00bb content_width=\u00bbgrid\u00bb content_aligment=\u00bbright\u00bb full_screen_section_height=\u00bbyes\u00bb vertically_align_content_in_middle=\u00bbyes\u00bb parallax_background_image=\u00bb6449&#8243;][vc_column width=\u00bb5\/12&#8243;][\/vc_column][vc_column width=\u00bb7\/12&#8243;]\n<div class=\"qodef-custom-font-holder\" style=\"font-family: Raleway;font-size: 70px;line-height: 83px;font-weight: 600;letter-spacing: 0px;text-transform: Capitalize;text-align: right;color: #0a0a0a\" data-font-size= 70 data-line-height= 83>\n\tSuministros gas\u00f3leos<\/div>[vc_empty_space height=\u00bb24px\u00bb]\n<div class=\"qodef-custom-font-holder\" style=\"font-family: Raleway;font-size: 24px;line-height: 35px;font-weight: 400;letter-spacing: 0px;text-align: right;color: #0a0a0a\" data-font-size= 24 data-line-height= 35>\n\tSuministro a toda Espa\u00f1a<\/div>[vc_empty_space height=\u00bb39px\u00bb][\/vc_column][\/vc_row][vc_row content_width=\u00bbgrid\u00bb content_aligment=\u00bbcenter\u00bb css=\u00bb.vc_custom_1688550993033{padding-top: 105px !important;padding-bottom: 20px !important;}\u00bb][vc_column width=\u00bb1\/2&#8243;][vc_empty_space][vc_single_image image=\u00bb6714&#8243; img_size=\u00bbmedium\u00bb css_animation=\u00bbleft-to-right\u00bb][vc_empty_space][\/vc_column][vc_column width=\u00bb1\/2&#8243; offset=\u00bbvc_col-md-6&#8243;][vc_empty_space][vc_column_text]<\/p>\n<h2 style=\"text-align: left;\">Nuestro equipo de expertos en log\u00edstica<\/h2>\n<p>[\/vc_column_text][vc_empty_space height=\u00bb22px\u00bb][vc_column_text]<\/p>\n<h4 style=\"text-align: left;\">Realizan un exhaustivo an\u00e1lisis de las necesidades de transporte, almacenamiento y distribuci\u00f3n de nuestros clientes, teniendo en cuenta factores como la ubicaci\u00f3n geogr\u00e1fica, la infraestructura disponible y las regulaciones locales.<\/h4>\n<p>[\/vc_column_text][vc_empty_space height=\u00bb22px\u00bb][\/vc_column][\/vc_row][vc_row row_type=\u00bbparallax\u00bb content_width=\u00bbgrid\u00bb content_aligment=\u00bbcenter\u00bb full_screen_section_height=\u00bbno\u00bb parallax_background_image=\u00bb2443&#8243; css=\u00bb.vc_custom_1688968930135{padding-top: 120px !important;padding-bottom: 75px !important;background-image: url(https:\/\/ibergas.net\/wp-content\/uploads\/2023\/07\/gasoleob-copia.png?id=6622) !important;background-position: center !important;background-repeat: no-repeat !important;background-size: contain !important;}\u00bb][vc_column offset=\u00bbvc_col-lg-offset-1 vc_col-lg-10&#8243;]\n<div class=\"qodef-custom-font-holder\" style=\"font-family: Raleway;font-size: 48px;line-height: 49px;font-weight: 700;letter-spacing: 0px;text-align: justify;color: #ffffff\" data-font-size= 48 data-line-height= 49>\n\tCon una evaluaci\u00f3n detallada<\/div>[vc_empty_space height=\u00bb18px\u00bb][vc_column_text]<\/p>\n<h4 style=\"text-align: left;\"><span style=\"color: #dbdbdb;\">Podemos identificar oportunidades de optimizaci\u00f3n y proponer soluciones personalizadas que permitan reducir los costes log\u00edsticos, ya sea a trav\u00e9s de la elecci\u00f3n de rutas m\u00e1s eficientes, la consolidaci\u00f3n de cargas o la utilizaci\u00f3n de tecnolog\u00edas avanzadas de seguimiento y control.<\/span><\/h4>\n<p>[\/vc_column_text][vc_empty_space height=\u00bb80px\u00bb][\/vc_column][\/vc_row][vc_row content_width=\u00bbgrid\u00bb content_aligment=\u00bbcenter\u00bb css=\u00bb.vc_custom_1688968887837{padding-top: 103px !important;padding-bottom: 42px !important;}\u00bb][vc_column][vc_column_text]<\/p>\n<h2 style=\"text-align: left;\">Adem\u00e1s, nuestra red de colaboradores y proveedores estrat\u00e9gicos nos permite<\/h2>\n<p>[\/vc_column_text][vc_empty_space height=\u00bb22px\u00bb][vc_column_text]<\/p>\n<h4 style=\"text-align: left;\">Obtener tarifas competitivas y acceder a servicios especializados en cada provincia, garantizando la calidad y eficiencia en cada etapa del proceso log\u00edstico.<\/h4>\n<p>[\/vc_column_text][vc_empty_space height=\u00bb40px\u00bb][\/vc_column][\/vc_row][vc_row content_width=\u00bbgrid\u00bb content_aligment=\u00bbcenter\u00bb css=\u00bb.vc_custom_1688553177552{padding-bottom: 30px !important;}\u00bb][vc_column]<div class=\"qodef-elements-holder qodef-responsive-mode-768\" ><div class=\"qodef-elements-holder-item qodef-vertical-alignment-bottom qodef-horizontal-alignment-center\" >\n\t<div class=\"qodef-elements-holder-item-inner\">\n\t\t<div class=\"qodef-elements-holder-item-content qodef-elements-holder-custom-998936\" style=\"padding: 0 0 0 0\">\n\t\t\t\t\t\t[vc_single_image image=\u00bb6716&#8243; img_size=\u00bbfull\u00bb alignment=\u00bbcenter\u00bb css_animation=\u00bbbottom-to-top\u00bb]\t\t<\/div>\n\t<\/div>\n<\/div><\/div>[vc_column_text]<\/p>\n<h4 style=\"text-align: left;\">En resumen, en base a nuestro conocimiento profundo del territorio nacional y nuestras alianzas estrat\u00e9gicas, estamos capacitados para brindar asesoramiento log\u00edstico de calidad, ayudando a nuestros clientes a evaluar y ahorrar costes log\u00edsiticos en sus obras y eventos en toda Espa\u00f1a.<\/h4>\n<p>[\/vc_column_text][vc_empty_space height=\u00bb60px\u00bb][\/vc_column][\/vc_row][vc_row content_aligment=\u00bbcenter\u00bb css=\u00bb.vc_custom_1688553050480{background-image: url(https:\/\/ibergas.net\/wp-content\/uploads\/2023\/06\/28287-azul-oscuro1.png?id=6220) !important;}\u00bb][vc_column][vc_empty_space height=\u00bb45px\u00bb]\n\n\t<div class=\"qodef-call-to-action normal\">\n\n\t\t\t\t<div class=\"qodef-container-inner\">\n\t\t\t\t\t<div class=\"qodef-call-to-action-row-75-25 clearfix\" style=\"padding: 54px 0px;\">\n\t\t\n\t\t\t\t<div class=\"qodef-text-wrapper qodef-call-to-action-column1 qodef-call-to-action-cell\">\n\n\t\t\t\t\n\t\t\t\t\t<div class=\"qodef-call-to-action-text\" >\n\t\t\t\t\t\t\n<h1><span style=\"color: #ffffff;\">\u00a1Obt\u00e9n asesoramiento gratuito!<\/span><\/h1>\n<h1><strong style=\"color: #ffffff; font-size: 16px;\">Contacte ahora con nuestro departamento t\u00e9cnico<\/strong><\/h1>\n<h1><\/h1>\n\t\t\t\t\t<\/div>\n\n\t\t\t\t<\/div>\n\n\t\t\t\t\n\t\t\t\t\t<div class=\"qodef-button-wrapper qodef-call-to-action-column2 qodef-call-to-action-cell\" style =\"text-align: right ;\">\n\n\t\t\t\t\t\t<a href=\"https:\/\/ibergas.net\/index.php\/contacto\/\" target=\"_self\" style=\"color: #ffffff\" class=\"qodef-btn qodef-btn-medium qodef-btn-outline qodef-btn-custom-border-hover qodef-btn-custom-hover-color qodef-btn-icon\" data-hover-color=\"#ffffff\" data-hover-border-color=\"#ffffff\" >        <span class=\"qodef-btn-text\">Contactar ahora<\/span>    <span class=\"qodef-btn-text-icon\"><i class=\"qodef-icon-simple-line-icon icon-arrow-right-circle \" ><\/i><\/span><\/a>\n\t\t\t\t\t<\/div>\n\n\t\t\t\t\n\t\t\t<\/div>\n\n\t\t\t\t<\/div>\n\t\t\n\t<\/div>\n\n[vc_empty_space height=\u00bb60px\u00bb][\/vc_column][\/vc_row]<\/p>\n","protected":false},"excerpt":{"rendered":"<p>[vc_row row_type=\u00bbparallax\u00bb content_width=\u00bbgrid\u00bb content_aligment=\u00bbright\u00bb full_screen_section_height=\u00bbyes\u00bb vertically_align_content_in_middle=\u00bbyes\u00bb parallax_background_image=\u00bb6449&#8243;][vc_column width=\u00bb5\/12&#8243;][\/vc_column][vc_column width=\u00bb7\/12&#8243;][vc_empty_space height=\u00bb24px\u00bb][vc_empty_space height=\u00bb39px\u00bb][\/vc_column][\/vc_row][vc_row content_width=\u00bbgrid\u00bb content_aligment=\u00bbcenter\u00bb css=\u00bb.vc_custom_1688550993033{padding-top: 105px !important;padding-bottom: 20px !important;}\u00bb][vc_column width=\u00bb1\/2&#8243;][vc_empty_space][vc_single_image image=\u00bb6714&#8243; img_size=\u00bbmedium\u00bb&#8230;<\/p>\n","protected":false},"author":1,"featured_media":0,"parent":0,"menu_order":0,"comment_status":"closed","ping_status":"closed","template":"full-width.php","meta":{"footnotes":""},"class_list":["post-6101","page","type-page","status-publish","hentry"],"_links":{"self":[{"href":"https:\/\/ibergas.net\/index.php\/wp-json\/wp\/v2\/pages\/6101","targetHints":{"allow":["GET"]}}],"collection":[{"href":"https:\/\/ibergas.net\/index.php\/wp-json\/wp\/v2\/pages"}],"about":[{"href":"https:\/\/ibergas.net\/index.php\/wp-json\/wp\/v2\/types\/page"}],"author":[{"embeddable":true,"href":"https:\/\/ibergas.net\/index.php\/wp-json\/wp\/v2\/users\/1"}],"replies":[{"embeddable":true,"href":"https:\/\/ibergas.net\/index.php\/wp-json\/wp\/v2\/comments?post=6101"}],"version-history":[{"count":55,"href":"https:\/\/ibergas.net\/index.php\/wp-json\/wp\/v2\/pages\/6101\/revisions"}],"predecessor-version":[{"id":6717,"href":"https:\/\/ibergas.net\/index.php\/wp-json\/wp\/v2\/pages\/6101\/revisions\/6717"}],"wp:attachment":[{"href":"https:\/\/ibergas.net\/index.php\/wp-json\/wp\/v2\/media?parent=6101"}],"curies":[{"name":"wp","href":"https:\/\/api.w.org\/{rel}","templated":true}]}}