{"id":6097,"date":"2015-11-05T10:41:45","date_gmt":"2015-11-05T10:41:45","guid":{"rendered":"https:\/\/ibergas.net\/?page_id=6097"},"modified":"2023-07-05T10:19:43","modified_gmt":"2023-07-05T10:19:43","slug":"instalaciones-petroliferas","status":"publish","type":"page","link":"https:\/\/ibergas.net\/index.php\/instalaciones-petroliferas\/","title":{"rendered":"Instalaciones Petrol\u00edferas"},"content":{"rendered":"<p>[vc_row row_type=\u00bbparallax\u00bb content_width=\u00bbgrid\u00bb full_screen_section_height=\u00bbyes\u00bb vertically_align_content_in_middle=\u00bbyes\u00bb parallax_background_image=\u00bb6465&#8243;][vc_column width=\u00bb7\/12&#8243;]\n<div class=\"qodef-custom-font-holder\" style=\"font-family: Raleway;font-size: 70px;line-height: 83px;font-weight: 600;letter-spacing: 0px;text-transform: Capitalize;color: #212121\" data-font-size= 70 data-line-height= 83>\n\tInstalaciones petrol\u00edferas<\/div>[vc_empty_space height=\u00bb24px\u00bb]\n<div class=\"qodef-custom-font-holder\" style=\"font-family: Raleway;font-size: 24px;line-height: 35px;font-weight: 400;letter-spacing: 0px;color: #5f5f5f\" data-font-size= 24 data-line-height= 35>\n\tUn equipo con experiencia<\/div>[vc_empty_space height=\u00bb39px\u00bb][\/vc_column][vc_column width=\u00bb5\/12&#8243;][\/vc_column][\/vc_row][vc_row content_width=\u00bbgrid\u00bb css=\u00bb.vc_custom_1688494008937{padding-top: 135px !important;padding-bottom: 30px !important;background-color: #f4f4f4 !important;}\u00bb][vc_column offset=\u00bbvc_col-md-6&#8243;][vc_empty_space height=\u00bb10px\u00bb][vc_single_image image=\u00bb6391&#8243; img_size=\u00bbfull\u00bb css_animation=\u00bbright-to-left\u00bb][\/vc_column][vc_column offset=\u00bbvc_col-md-6&#8243;][vc_column_text]<\/p>\n<h2>Instaladores de productos petrol\u00edferos l\u00edquidos<\/h2>\n<p>[\/vc_column_text][vc_empty_space height=\u00bb22px\u00bb][vc_column_text]<\/p>\n<h4>Nos permite mantenernos actualizados sobre las regulaciones en constante evoluci\u00f3n. Como resultado, estamos en condiciones de brindar a nuestros clientes recomendaciones espec\u00edficas y personalizadas para garantizar que sus instalaciones cumplan con todos los requisitos legales.<\/h4>\n<p>[\/vc_column_text][vc_empty_space height=\u00bb20px\u00bb][\/vc_column][\/vc_row][vc_row content_aligment=\u00bbcenter\u00bb css_animation=\u00bbqodef-element-from-fade\u00bb css=\u00bb.vc_custom_1688494625648{padding-top: 100px !important;padding-bottom: 55px !important;background-image: url(https:\/\/ibergas.net\/wp-content\/uploads\/2015\/10\/App2-Background-1.jpg?id=947) !important;}\u00bb][vc_column][vc_empty_space height=\u00bb50px\u00bb][vc_column_text]<\/p>\n<h5><span style=\"color: #ffffff;\">Adem\u00e1s, asesoramiento sobre las mejores pr\u00e1cticas en terminos de seguridad y eficiencia energ\u00e9tica.<\/span><\/h5>\n<p>[\/vc_column_text][vc_empty_space height=\u00bb19px\u00bb][vc_column_text]<span style=\"color: #b5b5b6;\">Lo que a su vez puede generar ahorros sifnificativos a largo plazo.<\/span>[\/vc_column_text][vc_empty_space height=\u00bb50px\u00bb][\/vc_column][\/vc_row][vc_row content_width=\u00bbgrid\u00bb content_aligment=\u00bbcenter\u00bb css=\u00bb.vc_custom_1446723445717{padding-top: 103px !important;padding-bottom: 42px !important;}\u00bb][vc_column][vc_column_text]<\/p>\n<h2>Nuestra experiencia en la materia nos respalda para identificar posibles \u00e1reas de mejora y sugerir soluciones adecuadas.<\/h2>\n<p>[\/vc_column_text][vc_empty_space height=\u00bb22px\u00bb][vc_column_text]<\/p>\n<h4>Nos aseguramos que las instalaciones est\u00e9n en plena conformidad con la normativa vigente.<\/h4>\n<p>[\/vc_column_text][vc_empty_space height=\u00bb40px\u00bb][\/vc_column][\/vc_row][vc_row content_width=\u00bbgrid\u00bb content_aligment=\u00bbcenter\u00bb][vc_column]<div class=\"qodef-elements-holder qodef-responsive-mode-768\" ><div class=\"qodef-elements-holder-item qodef-vertical-alignment-bottom qodef-horizontal-alignment-center\" >\n\t<div class=\"qodef-elements-holder-item-inner\">\n\t\t<div class=\"qodef-elements-holder-item-content qodef-elements-holder-custom-727098\" style=\"padding: 0 0 0 0\">\n\t\t\t\t\t\t[vc_single_image image=\u00bb6261&#8243; img_size=\u00bbfull\u00bb alignment=\u00bbcenter\u00bb css_animation=\u00bbbottom-to-top\u00bb]\t\t<\/div>\n\t<\/div>\n<\/div><\/div>[\/vc_column][\/vc_row][vc_row css=\u00bb.vc_custom_1688544539895{background-image: url(https:\/\/ibergas.net\/wp-content\/uploads\/2023\/06\/28287-azul-oscuro1.png?id=6220) !important;}\u00bb][vc_column][vc_empty_space height=\u00bb45px\u00bb]\n\n\t<div class=\"qodef-call-to-action normal\">\n\n\t\t\t\t<div class=\"qodef-container-inner\">\n\t\t\t\t\t<div class=\"qodef-call-to-action-row-75-25 clearfix\" style=\"padding: 54px 0px;\">\n\t\t\n\t\t\t\t<div class=\"qodef-text-wrapper qodef-call-to-action-column1 qodef-call-to-action-cell\">\n\n\t\t\t\t\n\t\t\t\t\t<div class=\"qodef-call-to-action-text\" >\n\t\t\t\t\t\t\n<h1><span style=\"color: #ffffff;\">\u00a1Obt\u00e9n asesoramiento gratuito!<\/span><\/h1>\n<h1><strong style=\"color: #ffffff; font-size: 16px;\">Contacte ahora con nuestro departamento t\u00e9cnico<\/strong><\/h1>\n<h1><\/h1>\n\t\t\t\t\t<\/div>\n\n\t\t\t\t<\/div>\n\n\t\t\t\t\n\t\t\t\t\t<div class=\"qodef-button-wrapper qodef-call-to-action-column2 qodef-call-to-action-cell\" style =\"text-align: right ;\">\n\n\t\t\t\t\t\t<a href=\"https:\/\/ibergas.net\/index.php\/contacto\/\" target=\"_self\" style=\"color: #ffffff\" class=\"qodef-btn qodef-btn-medium qodef-btn-outline qodef-btn-custom-border-hover qodef-btn-custom-hover-color qodef-btn-icon\" data-hover-color=\"#ffffff\" data-hover-border-color=\"#ffffff\" >        <span class=\"qodef-btn-text\">Contactar ahora<\/span>    <span class=\"qodef-btn-text-icon\"><i class=\"qodef-icon-simple-line-icon icon-arrow-right-circle \" ><\/i><\/span><\/a>\n\t\t\t\t\t<\/div>\n\n\t\t\t\t\n\t\t\t<\/div>\n\n\t\t\t\t<\/div>\n\t\t\n\t<\/div>\n\n[vc_empty_space height=\u00bb60px\u00bb][\/vc_column][\/vc_row]<\/p>\n","protected":false},"excerpt":{"rendered":"<p>[vc_row row_type=\u00bbparallax\u00bb content_width=\u00bbgrid\u00bb full_screen_section_height=\u00bbyes\u00bb vertically_align_content_in_middle=\u00bbyes\u00bb parallax_background_image=\u00bb6465&#8243;][vc_column width=\u00bb7\/12&#8243;][vc_empty_space height=\u00bb24px\u00bb][vc_empty_space height=\u00bb39px\u00bb][\/vc_column][vc_column width=\u00bb5\/12&#8243;][\/vc_column][\/vc_row][vc_row content_width=\u00bbgrid\u00bb css=\u00bb.vc_custom_1688494008937{padding-top: 135px !important;padding-bottom: 30px !important;background-color: #f4f4f4 !important;}\u00bb][vc_column offset=\u00bbvc_col-md-6&#8243;][vc_empty_space height=\u00bb10px\u00bb][vc_single_image image=\u00bb6391&#8243;&#8230;<\/p>\n","protected":false},"author":1,"featured_media":0,"parent":0,"menu_order":0,"comment_status":"closed","ping_status":"closed","template":"full-width.php","meta":{"footnotes":""},"class_list":["post-6097","page","type-page","status-publish","hentry"],"_links":{"self":[{"href":"https:\/\/ibergas.net\/index.php\/wp-json\/wp\/v2\/pages\/6097","targetHints":{"allow":["GET"]}}],"collection":[{"href":"https:\/\/ibergas.net\/index.php\/wp-json\/wp\/v2\/pages"}],"about":[{"href":"https:\/\/ibergas.net\/index.php\/wp-json\/wp\/v2\/types\/page"}],"author":[{"embeddable":true,"href":"https:\/\/ibergas.net\/index.php\/wp-json\/wp\/v2\/users\/1"}],"replies":[{"embeddable":true,"href":"https:\/\/ibergas.net\/index.php\/wp-json\/wp\/v2\/comments?post=6097"}],"version-history":[{"count":25,"href":"https:\/\/ibergas.net\/index.php\/wp-json\/wp\/v2\/pages\/6097\/revisions"}],"predecessor-version":[{"id":6466,"href":"https:\/\/ibergas.net\/index.php\/wp-json\/wp\/v2\/pages\/6097\/revisions\/6466"}],"wp:attachment":[{"href":"https:\/\/ibergas.net\/index.php\/wp-json\/wp\/v2\/media?parent=6097"}],"curies":[{"name":"wp","href":"https:\/\/api.w.org\/{rel}","templated":true}]}}