{"id":6028,"date":"2023-05-28T20:50:15","date_gmt":"2023-05-28T20:50:15","guid":{"rendered":"https:\/\/ibergas.net\/?page_id=6028"},"modified":"2023-07-03T18:27:10","modified_gmt":"2023-07-03T18:27:10","slug":"contacto","status":"publish","type":"page","link":"https:\/\/ibergas.net\/index.php\/contacto\/","title":{"rendered":"Contacto"},"content":{"rendered":"<p>[vc_row content_width=\u00bbgrid\u00bb content_aligment=\u00bbcenter\u00bb css=\u00bb.vc_custom_1446131659817{padding-top: 65px !important;padding-bottom: 65px !important;}\u00bb][vc_column offset=\u00bbvc_col-lg-offset-2 vc_col-lg-8&#8243;][vc_column_text]<\/p>\n<h2>Contacta con nosotros<\/h2>\n<p>[\/vc_column_text][vc_empty_space height=\u00bb16px\u00bb][vc_column_text]\u00a1Hola! Nos encantar\u00eda tener la oportunidad de ayudarte. En nuestro equipo, nos apasiona brindar un servicio excepcional y garantizar su satisfacci\u00f3n en cada interacci\u00f3n. Nuestros expertos altamente capacitados est\u00e1n listos para escuchar sus necesidades y encontrar la mejor soluci\u00f3n para ti. Ya sea que est\u00e9s buscando asesoramiento, soporte t\u00e9cnico o simplemente tengas alguna pregunta, estamos aqu\u00ed para proporcionarte una experiencia personalizada y sin complicaciones.[\/vc_column_text][\/vc_column][\/vc_row][vc_row content_width=\u00bbgrid\u00bb css=\u00bb.vc_custom_1446133295777{padding-bottom: 30px !important;}\u00bb][vc_column offset=\u00bbvc_col-md-6&#8243;]\n<div class=\"wpcf7 no-js\" id=\"wpcf7-f616-o1\" lang=\"en-US\" dir=\"ltr\">\n<div class=\"screen-reader-response\"><p role=\"status\" aria-live=\"polite\" aria-atomic=\"true\"><\/p> <ul><\/ul><\/div>\n<form action=\"\/index.php\/wp-json\/wp\/v2\/pages\/6028#wpcf7-f616-o1\" method=\"post\" class=\"wpcf7-form init\" aria-label=\"Contact form\" novalidate=\"novalidate\" data-status=\"init\">\n<div style=\"display: none;\">\n<input type=\"hidden\" name=\"_wpcf7\" value=\"616\" \/>\n<input type=\"hidden\" name=\"_wpcf7_version\" value=\"5.8\" \/>\n<input type=\"hidden\" name=\"_wpcf7_locale\" value=\"en_US\" \/>\n<input type=\"hidden\" name=\"_wpcf7_unit_tag\" value=\"wpcf7-f616-o1\" \/>\n<input type=\"hidden\" name=\"_wpcf7_container_post\" value=\"0\" \/>\n<input type=\"hidden\" name=\"_wpcf7_posted_data_hash\" value=\"\" \/>\n<input type=\"hidden\" name=\"_wpcf7_recaptcha_response\" value=\"\" \/>\n<\/div>\n<div class=\"qodef-two-columns-50-50\">\n\t<div class=\"qodef-two-columns-50-50-inner\">\n\t\t<div class=\"qodef-column\">\n\t\t\t<div class=\"qodef-column-inner\">\n\t\t\t\t<p><span class=\"qodef-input-title\">Nombre<\/span><br \/>\n<span class=\"wpcf7-form-control-wrap\" data-name=\"your-name\"><input size=\"40\" class=\"wpcf7-form-control wpcf7-text wpcf7-validates-as-required\" aria-required=\"true\" aria-invalid=\"false\" value=\"\" type=\"text\" name=\"your-name\" \/><\/span>\n\t\t\t\t<\/p>\n\t\t\t<\/div>\n\t\t<\/div>\n\t\t<div class=\"qodef-column\">\n\t\t\t<div class=\"qodef-column-inner\">\n\t\t\t\t<p><span class=\"qodef-input-title\">Email<\/span><br \/>\n<span class=\"wpcf7-form-control-wrap\" data-name=\"your-email\"><input size=\"40\" class=\"wpcf7-form-control wpcf7-email wpcf7-validates-as-required wpcf7-text wpcf7-validates-as-email\" aria-required=\"true\" aria-invalid=\"false\" value=\"\" type=\"email\" name=\"your-email\" \/><\/span>\n\t\t\t\t<\/p>\n\t\t\t<\/div>\n\t\t<\/div>\n\t<\/div>\n<\/div>\n<div>\n\t<p><span class=\"qodef-input-title\">Asunto<\/span><br \/>\n<span class=\"wpcf7-form-control-wrap\" data-name=\"your-subject\"><input size=\"40\" class=\"wpcf7-form-control wpcf7-text wpcf7-validates-as-required\" aria-required=\"true\" aria-invalid=\"false\" value=\"\" type=\"text\" name=\"your-subject\" \/><\/span>\n\t<\/p>\n<\/div>\n<div>\n\t<p><span class=\"qodef-input-title\">Mensaje<\/span><br \/>\n<span class=\"wpcf7-form-control-wrap\" data-name=\"your-message\"><textarea cols=\"40\" rows=\"10\" class=\"wpcf7-form-control wpcf7-textarea\" aria-invalid=\"false\" name=\"your-message\"><\/textarea><\/span>\n\t<\/p>\n<\/div>\n<div>\n\t<p><span class=\"wpcf7-form-control-wrap\" data-name=\"acceptance-236\"><span class=\"wpcf7-form-control wpcf7-acceptance\"><span class=\"wpcf7-list-item\"><input type=\"checkbox\" name=\"acceptance-236\" value=\"1\" aria-invalid=\"false\" \/><\/span><\/span><\/span> He le\u00eddo y acepto....\n\t<\/p>\n\t<p><input class=\"wpcf7-form-control wpcf7-submit has-spinner\" type=\"submit\" value=\"Enviar\" \/>\n\t<\/p>\n<\/div><div class=\"wpcf7-response-output\" aria-hidden=\"true\"><\/div>\n<\/form>\n<\/div>\n[vc_empty_space height=\u00bb40px\u00bb][\/vc_column][vc_column offset=\u00bbvc_col-md-6&#8243;][vc_empty_space height=\u00bb30px\u00bb][vc_column_text]<\/p>\n<h3>\u00a1No dudes en contactarnos!<\/h3>\n<p>[\/vc_column_text][vc_empty_space][vc_column_text]No dudes en contactarnos, estamos ansiosos por conocerte y ofrecerte nuestro mejor servicio. \u00a1Esperamos con entusiasmo poder atenderte pronto![\/vc_column_text][vc_row_inner css=\u00bb.vc_custom_1445509938777{padding-top: 31px !important;}\u00bb][vc_column_inner offset=\u00bbvc_col-lg-6 vc_col-md-12&#8243;]<div class=\"qodef-iwt clearfix qodef-iwt-icon-left qodef-iwt-icon-tiny\">\n    <div class=\"qodef-iwt-icon-holder\">\n                    \n    <span class=\"qodef-icon-shortcode circle\" style=\"width: 37px;height: 37px;line-height: 37px\" >\n        \n        <i class=\"qodef-icon-simple-line-icon icon-phone qodef-icon-element\" style=\"font-size:14px\" ><\/i>\n            <\/span>\n\n            <\/div>\n    <div class=\"qodef-iwt-content-holder\" style=\"padding-left: 20px\">\n                <div class=\"qodef-iwt-text-holder\">\n            <p style=\"color: #a2a2a2\">687 894 507<\/p>\n\n                    <\/div>\n    <\/div>\n<\/div>[vc_empty_space height=\u00bb20px\u00bb][\/vc_column_inner][vc_column_inner offset=\u00bbvc_col-lg-6 vc_col-md-12&#8243;]<div class=\"qodef-iwt clearfix qodef-iwt-icon-left qodef-iwt-icon-tiny\">\n    <div class=\"qodef-iwt-icon-holder\">\n                    \n    <span class=\"qodef-icon-shortcode circle\" style=\"width: 37px;height: 37px;line-height: 37px\" >\n        \n        <i class=\"qodef-icon-simple-line-icon icon-envelope qodef-icon-element\" style=\"font-size:14px\" ><\/i>\n            <\/span>\n\n            <\/div>\n    <div class=\"qodef-iwt-content-holder\" style=\"padding-left: 20px\">\n                <div class=\"qodef-iwt-text-holder\">\n            <p style=\"color: #a2a2a2\">administracion@ibergas.net<\/p>\n\n                    <\/div>\n    <\/div>\n<\/div>[vc_empty_space height=\u00bb20px\u00bb][\/vc_column_inner][\/vc_row_inner][\/vc_column][\/vc_row][vc_row css=\u00bb.vc_custom_1688408828231{background-color: #f4f4f4 !important;}\u00bb][vc_column][vc_single_image image=\u00bb6046&#8243; img_size=\u00bbfull\u00bb alignment=\u00bbcenter\u00bb css=\u00bb.vc_custom_1688408794498{padding-top: 100px !important;padding-bottom: 55px !important;}\u00bb][\/vc_column][\/vc_row]<\/p>\n","protected":false},"excerpt":{"rendered":"<p>[vc_row content_width=\u00bbgrid\u00bb content_aligment=\u00bbcenter\u00bb css=\u00bb.vc_custom_1446131659817{padding-top: 65px !important;padding-bottom: 65px !important;}\u00bb][vc_column offset=\u00bbvc_col-lg-offset-2 vc_col-lg-8&#8243;][vc_column_text] Contacta con nosotros [\/vc_column_text][vc_empty_space height=\u00bb16px\u00bb][vc_column_text]\u00a1Hola! Nos encantar\u00eda tener la oportunidad de&#8230;<\/p>\n","protected":false},"author":1,"featured_media":0,"parent":0,"menu_order":0,"comment_status":"closed","ping_status":"closed","template":"full-width.php","meta":{"footnotes":""},"class_list":["post-6028","page","type-page","status-publish","hentry"],"_links":{"self":[{"href":"https:\/\/ibergas.net\/index.php\/wp-json\/wp\/v2\/pages\/6028","targetHints":{"allow":["GET"]}}],"collection":[{"href":"https:\/\/ibergas.net\/index.php\/wp-json\/wp\/v2\/pages"}],"about":[{"href":"https:\/\/ibergas.net\/index.php\/wp-json\/wp\/v2\/types\/page"}],"author":[{"embeddable":true,"href":"https:\/\/ibergas.net\/index.php\/wp-json\/wp\/v2\/users\/1"}],"replies":[{"embeddable":true,"href":"https:\/\/ibergas.net\/index.php\/wp-json\/wp\/v2\/comments?post=6028"}],"version-history":[{"count":20,"href":"https:\/\/ibergas.net\/index.php\/wp-json\/wp\/v2\/pages\/6028\/revisions"}],"predecessor-version":[{"id":6339,"href":"https:\/\/ibergas.net\/index.php\/wp-json\/wp\/v2\/pages\/6028\/revisions\/6339"}],"wp:attachment":[{"href":"https:\/\/ibergas.net\/index.php\/wp-json\/wp\/v2\/media?parent=6028"}],"curies":[{"name":"wp","href":"https:\/\/api.w.org\/{rel}","templated":true}]}}