{"id":6000,"date":"2023-05-29T12:44:44","date_gmt":"2023-05-29T12:44:44","guid":{"rendered":"https:\/\/ibergas.net\/?page_id=6000"},"modified":"2023-07-05T08:01:56","modified_gmt":"2023-07-05T08:01:56","slug":"nuestra-mision","status":"publish","type":"page","link":"https:\/\/ibergas.net\/index.php\/nuestra-mision\/","title":{"rendered":"Nuestra misi\u00f3n"},"content":{"rendered":"<p>[vc_row content_width=\u00bbgrid\u00bb content_aligment=\u00bbcenter\u00bb css=\u00bb.vc_custom_1688541742018{padding-top: 80px !important;padding-bottom: 105px !important;background-color: #f4f4f4 !important;}\u00bb][vc_column][vc_column_text]<\/p>\n<h2>Compromiso<\/h2>\n<p>[\/vc_column_text][vc_empty_space height=\u00bb15px\u00bb][vc_column_text]<\/p>\n<h4>Nuestra misi\u00f3n es ser el socio estrat\u00e9gico de nuestros clientes en los sectores de la obra p\u00fablica y eventos. Gracias a nuestra amplia trayectoria en este campo, poseemos un profundo conocimiento de las particularidades relacionadas con los suministros de gas\u00f3leos y derivados del petr\u00f3leo en todas las provincias espa\u00f1olas. Estamos comprometidos en brindar un servicio integral de 360 grados a nuestros clientes, de manera que no tengan que preocuparse por negociar con nuevos distribuidores ni realizar pagos anticipados para recibir los suministros de gas\u00f3leos.<\/h4>\n<p>[\/vc_column_text][vc_empty_space height=\u00bb15px\u00bb][vc_column_text]<\/p>\n<h4>Nuestro enfoque se basa en establecer relaciones s\u00f3lidas y duraderas con nuestros clientes, comprendiendo sus necesidades espec\u00edficas y ofreciendo soluciones personalizadas. Nos aseguramos de estar al tanto de las \u00faltimas tendencias y avances en el sector, para poder brindar asesoramiento experto y mantenernos a la vanguardia de la industria.<\/h4>\n<p>[\/vc_column_text][\/vc_column][\/vc_row][vc_row content_width=\u00bbgrid\u00bb css=\u00bb.vc_custom_1446801558556{padding-top: 63px !important;padding-bottom: 34px !important;background-image: url(http:\/\/startit.select-themes.com\/wp-content\/uploads\/2015\/10\/About-us-Background.jpg?id=2582) !important;background-position: center !important;background-repeat: no-repeat !important;background-size: cover !important;}\u00bb][vc_column offset=\u00bbvc_col-md-6&#8243;][vc_column_text]<\/p>\n<h2>Nuestra red<\/h2>\n<p>[\/vc_column_text][vc_empty_space height=\u00bb29px\u00bb][vc_column_text]Adem\u00e1s, contamos con una extensa red de proveedores y colaboradores confiables, lo que nos permite garantizar la disponibilidad y calidad de los suministros de gas\u00f3leos en todo momento. Nuestro objetivo principal es optimizar la gesti\u00f3n de los recursos energ\u00e9ticos de nuestros clientes, proporcion\u00e1ndoles un servicio eficiente y sin complicaciones.[\/vc_column_text][vc_empty_space height=\u00bb40px\u00bb][\/vc_column][vc_column offset=\u00bbvc_col-md-6&#8243;][vc_empty_space height=\u00bb35px\u00bb]<div class=\"qodef-progress-bar\">\n\t<h6 class=\"qodef-progress-title-holder clearfix\">\n\t\t<span class=\"qodef-progress-title\">Industria<\/span>\n\t\t<span class=\"qodef-progress-number-wrapper qodef-floating qodef-floating-outside \" >\n\t\t\t<span class=\"qodef-progress-number\">\n\t\t\t\t<span class=\"qodef-percent\">0<\/span>\t\n\t\t\t\t\t\t\t\t\t<span class=\"qodef-down-arrow\"><\/span>\n\t\t\t\t\t\t\t<\/span>\n\t\t<\/span>\n\t<\/h6>\n\t<div class=\"qodef-progress-content-outer \" style=\"background-color:#ffffff\">\n\t\t<div data-percentage=23 class=\"qodef-progress-content\"  ><\/div>\n\t<\/div>\n<\/div>\t<div class=\"qodef-progress-bar\">\n\t<h6 class=\"qodef-progress-title-holder clearfix\">\n\t\t<span class=\"qodef-progress-title\">Eventos<\/span>\n\t\t<span class=\"qodef-progress-number-wrapper qodef-floating qodef-floating-outside \" >\n\t\t\t<span class=\"qodef-progress-number\">\n\t\t\t\t<span class=\"qodef-percent\">0<\/span>\t\n\t\t\t\t\t\t\t\t\t<span class=\"qodef-down-arrow\"><\/span>\n\t\t\t\t\t\t\t<\/span>\n\t\t<\/span>\n\t<\/h6>\n\t<div class=\"qodef-progress-content-outer \" style=\"background-color:#ffffff\">\n\t\t<div data-percentage=15 class=\"qodef-progress-content\"  ><\/div>\n\t<\/div>\n<\/div>\t<div class=\"qodef-progress-bar\">\n\t<h6 class=\"qodef-progress-title-holder clearfix\">\n\t\t<span class=\"qodef-progress-title\">Obra p\u00fablica<\/span>\n\t\t<span class=\"qodef-progress-number-wrapper qodef-floating qodef-floating-outside \" >\n\t\t\t<span class=\"qodef-progress-number\">\n\t\t\t\t<span class=\"qodef-percent\">0<\/span>\t\n\t\t\t\t\t\t\t\t\t<span class=\"qodef-down-arrow\"><\/span>\n\t\t\t\t\t\t\t<\/span>\n\t\t<\/span>\n\t<\/h6>\n\t<div class=\"qodef-progress-content-outer \" style=\"background-color:#ffffff\">\n\t\t<div data-percentage=60 class=\"qodef-progress-content\"  ><\/div>\n\t<\/div>\n<\/div>\t[vc_empty_space height=\u00bb40px\u00bb][\/vc_column][\/vc_row][vc_row header_style=\u00bbqodef-dark-header\u00bb content_aligment=\u00bbcenter\u00bb css=\u00bb.vc_custom_1688408420176{padding-top: 100px !important;padding-bottom: 55px !important;background-image: url(https:\/\/ibergas.net\/wp-content\/uploads\/2023\/07\/montana.jpg?id=6332) !important;background-position: center !important;background-repeat: no-repeat !important;background-size: cover !important;}\u00bb][vc_column][vc_column_text css=\u00bb.vc_custom_1688398701851{padding-top: 100px !important;padding-bottom: 100px !important;}\u00bb]<\/p>\n<p>&nbsp;<\/p>\n<p>&nbsp;<\/p>\n<p>&nbsp;<\/p>\n<p>&nbsp;<\/p>\n<p>&nbsp;<\/p>\n<p>[\/vc_column_text][\/vc_column][\/vc_row][vc_row content_width=\u00bbgrid\u00bb content_aligment=\u00bbcenter\u00bb css=\u00bb.vc_custom_1445428533264{padding-top: 52px !important;padding-bottom: 40px !important;}\u00bb][vc_column][vc_column_text][\/vc_column_text][vc_empty_space height=\u00bb15px\u00bb][vc_column_text]<\/p>\n<h4><strong>En nuestra empresa nos esforzamos por ser el socio de confianza que facilita y simplifica la obtenci\u00f3n de suministros de gas\u00f3leos y derivados del petr\u00f3leo, permitiendo a nuestros clientes centrarse en su negocio principal y alcanzar el \u00e9xito de manera sostenible.<\/strong><\/h4>\n<p>[\/vc_column_text][vc_empty_space height=\u00bb15px\u00bb][\/vc_column][\/vc_row][vc_row content_aligment=\u00bbcenter\u00bb css_animation=\u00bbqodef-element-from-fade\u00bb css=\u00bb.vc_custom_1688120077161{background-image: url(https:\/\/ibergas.net\/wp-content\/uploads\/2023\/06\/28287-azul-oscuro1.png?id=6220) !important;}\u00bb][vc_column][vc_empty_space height=\u00bb45px\u00bb]\n\n\t<div class=\"qodef-call-to-action normal\">\n\n\t\t\t\t<div class=\"qodef-container-inner\">\n\t\t\t\t\t<div class=\"qodef-call-to-action-row-75-25 clearfix\" style=\"padding: 54px 0 px;\">\n\t\t\n\t\t\t\t<div class=\"qodef-text-wrapper qodef-call-to-action-column1 qodef-call-to-action-cell\">\n\n\t\t\t\t\n\t\t\t\t\t<div class=\"qodef-call-to-action-text\" >\n\t\t\t\t\t\t\n<h1><span style=\"color: #ffffff;\">\u00a1Obt\u00e9n asesoramiento gratuito!<\/span><\/h1>\n<h1><strong style=\"color: #ffffff; font-size: 16px;\">Contacte ahora con nuestro departamento t\u00e9cnico<\/strong><\/h1>\n<h1><\/h1>\n<h1><\/h1>\n\t\t\t\t\t<\/div>\n\n\t\t\t\t<\/div>\n\n\t\t\t\t\n\t\t\t\t\t<div class=\"qodef-button-wrapper qodef-call-to-action-column2 qodef-call-to-action-cell\" style =\"text-align: right ;\">\n\n\t\t\t\t\t\t<a href=\"https:\/\/ibergas.net\/index.php\/contacto\/\" target=\"_self\" style=\"color: #ffffff\" class=\"qodef-btn qodef-btn-medium qodef-btn-outline qodef-btn-custom-border-hover qodef-btn-custom-hover-color qodef-btn-icon\" data-hover-color=\"#ffffff\" data-hover-border-color=\"#ffffff\" >        <span class=\"qodef-btn-text\">Contactar ahora<\/span>    <span class=\"qodef-btn-text-icon\"><i class=\"qodef-icon-simple-line-icon icon-arrow-right-circle \" ><\/i><\/span><\/a>\n\t\t\t\t\t<\/div>\n\n\t\t\t\t\n\t\t\t<\/div>\n\n\t\t\t\t<\/div>\n\t\t\n\t<\/div>\n\n[vc_empty_space height=\u00bb60px\u00bb][\/vc_column][\/vc_row]<\/p>\n","protected":false},"excerpt":{"rendered":"<p>[vc_row content_width=\u00bbgrid\u00bb content_aligment=\u00bbcenter\u00bb css=\u00bb.vc_custom_1688541742018{padding-top: 80px !important;padding-bottom: 105px !important;background-color: #f4f4f4 !important;}\u00bb][vc_column][vc_column_text] Compromiso [\/vc_column_text][vc_empty_space height=\u00bb15px\u00bb][vc_column_text] Nuestra misi\u00f3n es ser el socio estrat\u00e9gico de&#8230;<\/p>\n","protected":false},"author":1,"featured_media":0,"parent":0,"menu_order":0,"comment_status":"closed","ping_status":"closed","template":"full-width.php","meta":{"footnotes":""},"class_list":["post-6000","page","type-page","status-publish","hentry"],"_links":{"self":[{"href":"https:\/\/ibergas.net\/index.php\/wp-json\/wp\/v2\/pages\/6000","targetHints":{"allow":["GET"]}}],"collection":[{"href":"https:\/\/ibergas.net\/index.php\/wp-json\/wp\/v2\/pages"}],"about":[{"href":"https:\/\/ibergas.net\/index.php\/wp-json\/wp\/v2\/types\/page"}],"author":[{"embeddable":true,"href":"https:\/\/ibergas.net\/index.php\/wp-json\/wp\/v2\/users\/1"}],"replies":[{"embeddable":true,"href":"https:\/\/ibergas.net\/index.php\/wp-json\/wp\/v2\/comments?post=6000"}],"version-history":[{"count":79,"href":"https:\/\/ibergas.net\/index.php\/wp-json\/wp\/v2\/pages\/6000\/revisions"}],"predecessor-version":[{"id":6411,"href":"https:\/\/ibergas.net\/index.php\/wp-json\/wp\/v2\/pages\/6000\/revisions\/6411"}],"wp:attachment":[{"href":"https:\/\/ibergas.net\/index.php\/wp-json\/wp\/v2\/media?parent=6000"}],"curies":[{"name":"wp","href":"https:\/\/api.w.org\/{rel}","templated":true}]}}