{"id":5986,"date":"2023-05-28T17:54:03","date_gmt":"2023-05-28T17:54:03","guid":{"rendered":"https:\/\/ibergas.net\/?page_id=5986"},"modified":"2023-07-03T14:41:47","modified_gmt":"2023-07-03T14:41:47","slug":"quienes-somos","status":"publish","type":"page","link":"https:\/\/ibergas.net\/","title":{"rendered":"Quienes somos"},"content":{"rendered":"<p>[vc_row content_width=\u00bbgrid\u00bb content_aligment=\u00bbcenter\u00bb css=\u00bb.vc_custom_1446636181430{padding-top: 57px !important;padding-bottom: 55px !important;background-color: #ffffff !important;}\u00bb][vc_column][vc_column_text]<\/p>\n<h2>Gracias a nuestros clientes, hoy somos&#8230;<\/h2>\n<p>[\/vc_column_text][vc_empty_space height=\u00bb18px\u00bb][vc_column_text]Un equipo con m\u00e1s de 20 a\u00f1os de experiencia en el sector de los carburantes, lo que nos ha permitido consolidarnos como l\u00edderes en el mercado. Nuestro principal objetivo es ofrecer un servicio de suministro de gas\u00f3leo r\u00e1pido y eficiente en cualquier punto de Espa\u00f1a, garantizando la entrega en un plazo m\u00e1ximo de 24 horas.[\/vc_column_text][vc_column_text]Para lograrlo, hemos establecido acuerdos estrat\u00e9gicos con las principales distribuidoras del mercado, lo que nos asegura un suministro constante y de alta calidad. Adem\u00e1s, contamos con una extensa red de m\u00e1s de 70 centros de distribuci\u00f3n estrat\u00e9gicamente ubicados en toda Espa\u00f1a, lo que nos permite cubrir de manera efectiva las necesidades de nuestros clientes a nivel nacional.[\/vc_column_text][\/vc_column][\/vc_row][vc_row content_width=\u00bbgrid\u00bb content_aligment=\u00bbcenter\u00bb css=\u00bb.vc_custom_1446636205173{border-top-width: 0px !important;padding-bottom: 30px !important;background-color: #ffffff !important;}\u00bb][vc_column offset=\u00bbvc_col-md-4&#8243;][vc_single_image image=\u00bb27&#8243; img_size=\u00bbfull\u00bb alignment=\u00bbcenter\u00bb][vc_empty_space height=\u00bb37px\u00bb][vc_column_text]<\/p>\n<h5>Nuestro equipo<\/h5>\n<p>[\/vc_column_text][vc_empty_space height=\u00bb19px\u00bb][vc_column_text]Nuestro equipo est\u00e1 conformado por profesionales altamente capacitados y con amplios conocimientos t\u00e9cnicos.[\/vc_column_text][vc_empty_space height=\u00bb40px\u00bb][\/vc_column][vc_column offset=\u00bbvc_col-md-4&#8243;][vc_single_image image=\u00bb19&#8243; img_size=\u00bbfull\u00bb alignment=\u00bbcenter\u00bb][vc_empty_space height=\u00bb37px\u00bb][vc_column_text]<\/p>\n<h5>Asesoramiento<\/h5>\n<p>[\/vc_column_text][vc_empty_space height=\u00bb19px\u00bb][vc_column_text]No solo somos instaladores autorizados de productos petrol\u00edferos l\u00edquidos, sino que tambi\u00e9n somos consejeros de seguridad en el transporte de mercanc\u00edas peligrosas por carretera.[\/vc_column_text][vc_empty_space height=\u00bb40px\u00bb][\/vc_column][vc_column offset=\u00bbvc_col-md-4&#8243;][vc_single_image image=\u00bb6058&#8243; img_size=\u00bbfull\u00bb alignment=\u00bbcenter\u00bb style=\u00bbvc_box_rounded\u00bb][vc_empty_space height=\u00bb37px\u00bb][vc_column_text]<\/p>\n<h5>Seguridad<\/h5>\n<p>[\/vc_column_text][vc_empty_space height=\u00bb19px\u00bb][vc_column_text]Esto nos permite garantizar que todos nuestros servicios se realicen cumpliendo estrictamente las normativas y est\u00e1ndares de seguridad.[\/vc_column_text][vc_empty_space height=\u00bb40px\u00bb][\/vc_column][\/vc_row][vc_row row_type=\u00bbparallax\u00bb content_width=\u00bbgrid\u00bb full_screen_section_height=\u00bbno\u00bb section_height=\u00bb472&#8243; parallax_background_image=\u00bb32&#8243; css=\u00bb.vc_custom_1445333277421{padding-top: 0px !important;padding-bottom: 0px !important;}\u00bb][vc_column offset=\u00bbvc_col-md-5&#8243;][vc_empty_space height=\u00bb87px\u00bb][vc_column_text]<\/p>\n<h2><span style=\"color: #ffffff;\">Compromiso<\/span><\/h2>\n<p>[\/vc_column_text][vc_empty_space height=\u00bb19px\u00bb][vc_column_text]<\/p>\n<h4><span style=\"color: #b8b8b8;\">Estamos comprometidos con la innovaci\u00f3n y la incorporaci\u00f3n de nuevas tecnolog\u00edas. Contamos con un experto en motores de hidr\u00f3geno y pilas de combustible, lo que nos permite asesorar y ayudar nuestros clientes en la adaptaci\u00f3n de las nuevas tecnolog\u00edas en el \u00e1mbito de la energ\u00eda y la movilidad. Estamos convencidos de que el futuro pasa por alternativas m\u00e1s sostenibles y estamos dispuesto a ser parte de ese cambio.<\/span><\/h4>\n<p>[\/vc_column_text][vc_empty_space height=\u00bb43px\u00bb][\/vc_column][vc_column offset=\u00bbvc_col-md-7&#8243;]<div class=\"qodef-elements-holder qodef-responsive-mode-768\" ><div class=\"qodef-elements-holder-item qodef-vertical-alignment-bottom qodef-horizontal-alignment-left\" >\n\t<div class=\"qodef-elements-holder-item-inner\">\n\t\t<div class=\"qodef-elements-holder-item-content qodef-elements-holder-custom-234134\" style=\"padding: 68px 0 0 0\">\n\t\t\t\t\t\t<style type=\"text\/css\" data-type=\"qodef-elements-custom-padding\">\n\t\t\t\t\t\t\t\t@media only screen and (min-width: 1280px) and (max-width: 1600px) {\n\t\t\t\t\t.qodef-elements-holder .qodef-elements-holder-item-content.qodef-elements-holder-custom-234134 {\n\t\t\t\t\t\tpadding:  !important;\n\t\t\t\t\t}\n\t\t\t\t}\n\t\t\t\t\t\t\t\t\t\t\t\t\t@media only screen and (min-width: 1024px) and (max-width: 1280px) {\n\t\t\t\t\t\t.qodef-elements-holder .qodef-elements-holder-item-content.qodef-elements-holder-custom-234134 {\n\t\t\t\t\t\t\tpadding:  !important;\n\t\t\t\t\t\t}\n\t\t\t\t\t}\n\t\t\t\t\t\t\t\t\t\t\t\t@media only screen and (min-width: 768px) and (max-width: 1024px) {\n\t\t\t\t\t.qodef-elements-holder .qodef-elements-holder-item-content.qodef-elements-holder-custom-234134 {\n\t\t\t\t\t\tpadding: 53% 0 0 0 !important;\n\t\t\t\t\t}\n\t\t\t\t}\n\t\t\t\t\t\t\t\t\t\t\t\t@media only screen and (min-width: 600px) and (max-width: 768px) {\n\t\t\t\t\t.qodef-elements-holder .qodef-elements-holder-item-content.qodef-elements-holder-custom-234134 {\n\t\t\t\t\t\tpadding: 2% 0 0 0 !important;\n\t\t\t\t\t}\n\t\t\t\t}\n\t\t\t\t\t\t\t\t\t\t\t\t@media only screen and (min-width: 480px) and (max-width: 600px) {\n\t\t\t\t\t.qodef-elements-holder .qodef-elements-holder-item-content.qodef-elements-holder-custom-234134 {\n\t\t\t\t\t\tpadding: 2% 0 0 0 !important;\n\t\t\t\t\t}\n\t\t\t\t}\n\t\t\t\t\t\t\t\t\t\t\t\t@media only screen and (max-width: 480px) {\n\t\t\t\t\t.qodef-elements-holder .qodef-elements-holder-item-content.qodef-elements-holder-custom-234134 {\n\t\t\t\t\t\tpadding: 2% 0 0 0 !important;\n\t\t\t\t\t}\n\t\t\t\t}\n\t\t\t\t\t\t\t\t<\/style>\n\t\t\t\t\t\t[vc_single_image image=\u00bb6059&#8243; img_size=\u00bbfull\u00bb]\t\t<\/div>\n\t<\/div>\n<\/div><\/div>[\/vc_column][\/vc_row][vc_row content_width=\u00bbgrid\u00bb content_aligment=\u00bbcenter\u00bb css=\u00bb.vc_custom_1445346335411{padding-top: 63px !important;padding-bottom: 72px !important;background-image: url(http:\/\/startit.select-themes.com\/wp-content\/uploads\/2015\/10\/Home-2-Single-Background-1.png?id=111) !important;background-position: center !important;background-repeat: no-repeat !important;background-size: cover !important;}\u00bb][vc_column][vc_column_text][\/vc_column_text][vc_empty_space height=\u00bb18px\u00bb][vc_column_text]<\/p>\n<h4>Somos un equipo experimentado y comprometido, capaz de ofrecer un servicio de suministro de gas\u00f3leo r\u00e1pido, seguro y adaptado a las necesidades de nuestros clientes. Nuestra amplia experiencia, conocimientos t\u00e9cnicos y en nuevas tecnolog\u00edas nos convierten en el socio ideal para aquellos que buscan soluciones eficientes y sostenibles en el sector de los carburantes.<\/h4>\n<p>[\/vc_column_text][vc_empty_space height=\u00bb61px\u00bb]<div  class=\"qodef-process-holder columns-4\"><div class=\"qodef-process-holder-inner\"><div class=\"qodef-process-item\">\n    <div class=\"qodef-process-item-icon-holder-wrapper\">\n        <div class=\"qodef-process-item-icon-holder\">\n            <span class=\"qodef-process-item-background-holder\">\n                \n    <span class=\"qodef-icon-shortcode circle \"  >\n        \n        <i class=\"qodef-icon-simple-line-icon icon-pencil qodef-icon-element\" style=\"\" ><\/i>\n            <\/span>\n\n            <\/span>\n        <\/div>\n    <\/div>\n    <div class=\"qodef-process-item-content-holder\">\n        <div class=\"qodef-process-item-title-holder\">\n            <h5>Estudio previo<\/h5>\n        <\/div>\n        <div class=\"qodef-process-item-text-holder\">\n            <p><\/p>\n        <\/div>\n    <\/div>\n<\/div><div class=\"qodef-process-item\">\n    <div class=\"qodef-process-item-icon-holder-wrapper\">\n        <div class=\"qodef-process-item-icon-holder\">\n            <span class=\"qodef-process-item-background-holder\">\n                \n    <span class=\"qodef-icon-shortcode circle \"  >\n        \n        <i class=\"qodef-icon-simple-line-icon icon-doc qodef-icon-element\" style=\"\" ><\/i>\n            <\/span>\n\n            <\/span>\n        <\/div>\n    <\/div>\n    <div class=\"qodef-process-item-content-holder\">\n        <div class=\"qodef-process-item-title-holder\">\n            <h5>Plan de suministro<\/h5>\n        <\/div>\n        <div class=\"qodef-process-item-text-holder\">\n            <p><\/p>\n        <\/div>\n    <\/div>\n<\/div><div class=\"qodef-process-item\">\n    <div class=\"qodef-process-item-icon-holder-wrapper\">\n        <div class=\"qodef-process-item-icon-holder\">\n            <span class=\"qodef-process-item-background-holder\">\n                \n    <span class=\"qodef-icon-shortcode circle \"  >\n        \n        <i class=\"qodef-icon-simple-line-icon icon-user qodef-icon-element\" style=\"\" ><\/i>\n            <\/span>\n\n            <\/span>\n        <\/div>\n    <\/div>\n    <div class=\"qodef-process-item-content-holder\">\n        <div class=\"qodef-process-item-title-holder\">\n            <h5>Todo en uno<\/h5>\n        <\/div>\n        <div class=\"qodef-process-item-text-holder\">\n            <p><\/p>\n        <\/div>\n    <\/div>\n<\/div><div class=\"qodef-process-item\">\n    <div class=\"qodef-process-item-icon-holder-wrapper\">\n        <div class=\"qodef-process-item-icon-holder\">\n            <span class=\"qodef-process-item-background-holder\">\n                \n    <span class=\"qodef-icon-shortcode circle \"  >\n        \n        <i class=\"qodef-icon-simple-line-icon icon-speech qodef-icon-element\" style=\"\" ><\/i>\n            <\/span>\n\n            <\/span>\n        <\/div>\n    <\/div>\n    <div class=\"qodef-process-item-content-holder\">\n        <div class=\"qodef-process-item-title-holder\">\n            <h5>Asesoramiento<\/h5>\n        <\/div>\n        <div class=\"qodef-process-item-text-holder\">\n            <p><\/p>\n        <\/div>\n    <\/div>\n<\/div><\/div><\/div>[\/vc_column][\/vc_row][vc_row][vc_column]<div class = \"qodef-portfolio-list-holder-outer qodef-ptf-gallery qodef-ptf-four-columns\" data-next-page= 2 data-type= gallery data-columns= four data-order-by= date data-order= ASC data-number= 4 data-filter= no data-filter-order-by= name data-category= all data-show-load-more= no data-title-tag= h5 data-max-num-pages = 6><div class = \"qodef-portfolio-list-holder clearfix\" ><article class=\"qodef-portfolio-item mix portfolio_category_88 portfolio_category_124\" >\n\t<a class =\"qodef-portfolio-link\" href=\"https:\/\/ibergas.net\/index.php\/portfolio-item\/office-management-systems\/\" target=\"_self\"><\/a>\n\t<div class = \"qodef-item-image-holder\">\n\t<div class=\"qodef-portfolio-shader\"><\/div>\t\n\t<img loading=\"lazy\" decoding=\"async\" width=\"800\" height=\"600\" src=\"https:\/\/ibergas.net\/wp-content\/uploads\/2015\/10\/p-office-management-systems-800x600.jpg\" class=\"attachment-qode_startit_landscape size-qode_startit_landscape wp-post-image\" alt=\"image\" srcset=\"https:\/\/ibergas.net\/wp-content\/uploads\/2015\/10\/p-office-management-systems-800x600.jpg 800w, https:\/\/ibergas.net\/wp-content\/uploads\/2015\/10\/p-office-management-systems-300x224.jpg 300w, https:\/\/ibergas.net\/wp-content\/uploads\/2015\/10\/p-office-management-systems-768x575.jpg 768w, https:\/\/ibergas.net\/wp-content\/uploads\/2015\/10\/p-office-management-systems.jpg 1100w\" sizes=\"auto, (max-width: 800px) 100vw, 800px\" \/>\t\t\t\t\n\t<\/div>\n\t<div class=\"qodef-item-text-overlay\">\n\t\t<div class=\"qodef-item-text-overlay-inner\">\n\t\t\t<div class=\"qodef-item-text-holder\">\n\t\t\t\t<h5 class=\"qodef-item-title\">\n\t\t\t\t\tOffice Management Systems\t\t\t\t<\/h5>\t\n\t\t\t\t<div class=\"qodef-ptf-category-holder\"><span>Business<\/span> <span>\/<\/span> <span>Marketing<\/span><\/div>\t\t\t<\/div>\n\t\t<\/div>\t\n\t<\/div>\n<\/article>\n<article class=\"qodef-portfolio-item mix portfolio_category_130 portfolio_category_149\" >\n\t<a class =\"qodef-portfolio-link\" href=\"https:\/\/ibergas.net\/index.php\/portfolio-item\/new-trends-in-seo-analytics\/\" target=\"_self\"><\/a>\n\t<div class = \"qodef-item-image-holder\">\n\t<div class=\"qodef-portfolio-shader\"><\/div>\t\n\t<img loading=\"lazy\" decoding=\"async\" width=\"800\" height=\"600\" src=\"https:\/\/ibergas.net\/wp-content\/uploads\/2015\/10\/p-new-trends-in-seo-and-analytics-800x600.jpg\" class=\"attachment-qode_startit_landscape size-qode_startit_landscape wp-post-image\" alt=\"image\" srcset=\"https:\/\/ibergas.net\/wp-content\/uploads\/2015\/10\/p-new-trends-in-seo-and-analytics-800x600.jpg 800w, https:\/\/ibergas.net\/wp-content\/uploads\/2015\/10\/p-new-trends-in-seo-and-analytics-300x224.jpg 300w, https:\/\/ibergas.net\/wp-content\/uploads\/2015\/10\/p-new-trends-in-seo-and-analytics-768x575.jpg 768w, https:\/\/ibergas.net\/wp-content\/uploads\/2015\/10\/p-new-trends-in-seo-and-analytics.jpg 1100w\" sizes=\"auto, (max-width: 800px) 100vw, 800px\" \/>\t\t\t\t\n\t<\/div>\n\t<div class=\"qodef-item-text-overlay\">\n\t\t<div class=\"qodef-item-text-overlay-inner\">\n\t\t\t<div class=\"qodef-item-text-holder\">\n\t\t\t\t<h5 class=\"qodef-item-title\">\n\t\t\t\t\tNew Trends In SEO &#038; Analytics\t\t\t\t<\/h5>\t\n\t\t\t\t<div class=\"qodef-ptf-category-holder\"><span>Media<\/span> <span>\/<\/span> <span>Platform<\/span><\/div>\t\t\t<\/div>\n\t\t<\/div>\t\n\t<\/div>\n<\/article>\n<article class=\"qodef-portfolio-item mix portfolio_category_153 portfolio_category_161\" >\n\t<a class =\"qodef-portfolio-link\" href=\"https:\/\/ibergas.net\/index.php\/portfolio-item\/app-update-rebrand\/\" target=\"_self\"><\/a>\n\t<div class = \"qodef-item-image-holder\">\n\t<div class=\"qodef-portfolio-shader\"><\/div>\t\n\t<img loading=\"lazy\" decoding=\"async\" width=\"800\" height=\"600\" src=\"https:\/\/ibergas.net\/wp-content\/uploads\/2015\/10\/p-app-update-and-rebrand-800x600.jpg\" class=\"attachment-qode_startit_landscape size-qode_startit_landscape wp-post-image\" alt=\"image\" srcset=\"https:\/\/ibergas.net\/wp-content\/uploads\/2015\/10\/p-app-update-and-rebrand-800x600.jpg 800w, https:\/\/ibergas.net\/wp-content\/uploads\/2015\/10\/p-app-update-and-rebrand-300x224.jpg 300w, https:\/\/ibergas.net\/wp-content\/uploads\/2015\/10\/p-app-update-and-rebrand-768x575.jpg 768w, https:\/\/ibergas.net\/wp-content\/uploads\/2015\/10\/p-app-update-and-rebrand.jpg 1100w\" sizes=\"auto, (max-width: 800px) 100vw, 800px\" \/>\t\t\t\t\n\t<\/div>\n\t<div class=\"qodef-item-text-overlay\">\n\t\t<div class=\"qodef-item-text-overlay-inner\">\n\t\t\t<div class=\"qodef-item-text-holder\">\n\t\t\t\t<h5 class=\"qodef-item-title\">\n\t\t\t\t\tApp Update &#038; Rebrand\t\t\t\t<\/h5>\t\n\t\t\t\t<div class=\"qodef-ptf-category-holder\"><span>Research<\/span> <span>\/<\/span> <span>Startup<\/span><\/div>\t\t\t<\/div>\n\t\t<\/div>\t\n\t<\/div>\n<\/article>\n<article class=\"qodef-portfolio-item mix portfolio_category_88 portfolio_category_124\" >\n\t<a class =\"qodef-portfolio-link\" href=\"https:\/\/ibergas.net\/index.php\/portfolio-item\/the-tablet-app-of-the-future\/\" target=\"_self\"><\/a>\n\t<div class = \"qodef-item-image-holder\">\n\t<div class=\"qodef-portfolio-shader\"><\/div>\t\n\t<img loading=\"lazy\" decoding=\"async\" width=\"800\" height=\"600\" src=\"https:\/\/ibergas.net\/wp-content\/uploads\/2015\/10\/p-the-tablet-app-of-the-future-800x600.jpg\" class=\"attachment-qode_startit_landscape size-qode_startit_landscape wp-post-image\" alt=\"image\" srcset=\"https:\/\/ibergas.net\/wp-content\/uploads\/2015\/10\/p-the-tablet-app-of-the-future-800x600.jpg 800w, https:\/\/ibergas.net\/wp-content\/uploads\/2015\/10\/p-the-tablet-app-of-the-future-300x224.jpg 300w, https:\/\/ibergas.net\/wp-content\/uploads\/2015\/10\/p-the-tablet-app-of-the-future-768x575.jpg 768w, https:\/\/ibergas.net\/wp-content\/uploads\/2015\/10\/p-the-tablet-app-of-the-future.jpg 1100w\" sizes=\"auto, (max-width: 800px) 100vw, 800px\" \/>\t\t\t\t\n\t<\/div>\n\t<div class=\"qodef-item-text-overlay\">\n\t\t<div class=\"qodef-item-text-overlay-inner\">\n\t\t\t<div class=\"qodef-item-text-holder\">\n\t\t\t\t<h5 class=\"qodef-item-title\">\n\t\t\t\t\tThe Tablet App Of The Future\t\t\t\t<\/h5>\t\n\t\t\t\t<div class=\"qodef-ptf-category-holder\"><span>Business<\/span> <span>\/<\/span> <span>Marketing<\/span><\/div>\t\t\t<\/div>\n\t\t<\/div>\t\n\t<\/div>\n<\/article>\n<\/div><\/div>[\/vc_column][\/vc_row][vc_row content_width=\u00bbgrid\u00bb content_aligment=\u00bbcenter\u00bb css=\u00bb.vc_custom_1446636181430{padding-top: 57px !important;padding-bottom: 55px !important;background-color: #ffffff !important;}\u00bb][vc_column][vc_empty_space][vc_single_image image=\u00bb6201&#8243; img_size=\u00bbfull\u00bb alignment=\u00bbcenter\u00bb][vc_empty_space height=\u00bb18px\u00bb][vc_column_text]Ibergas ha sido beneficiario del Fondo Europeo de Desarrollo Regional cuyo objetivo es promover el desarrollo tecnol\u00f3gico, la innovaci\u00f3n y una investigaci\u00f3n de calidad; garantizar un mejor uso de las tecnolog\u00edas de la informaci\u00f3n y conseguir un tejido empresarial m\u00e1s competitivo y gracias al que ha conseguido la Implantaci\u00f3n de \u00abPresencia web a trav\u00e9s de p\u00e1gina propia\/Soluciones de gesti\u00f3n integral (ERP)\/Herramientas colaborativas para la gesti\u00f3n de proyectos\u00bb, para mejorar la competitividad de su negocio a trav\u00e9s de la incorporaci\u00f3n de nuevas tecnolog\u00edas. Esta acci\u00f3n ha tenido lugar durante el ejercicio 2022. Para ello ha contado con el apoyo del Programa TICC\u00e1maras de la C\u00e1mara de Comercio Industria, Servicios y Navegaci\u00f3n de Sevilla.<\/p>\n<p>&nbsp;<\/p>\n<p>Una manera de hacer Europa[\/vc_column_text][\/vc_column][\/vc_row][vc_row content_aligment=\u00bbcenter\u00bb css_animation=\u00bbqodef-element-from-fade\u00bb css=\u00bb.vc_custom_1688120567585{background-image: url(https:\/\/ibergas.net\/wp-content\/uploads\/2023\/06\/28287-azul-oscuro1.png?id=6220) !important;}\u00bb][vc_column][vc_empty_space height=\u00bb45px\u00bb]\n\n\t<div class=\"qodef-call-to-action normal\">\n\n\t\t\t\t<div class=\"qodef-container-inner\">\n\t\t\t\t\t<div class=\"qodef-call-to-action-row-75-25 clearfix\" style=\"padding: 54px 0px;\">\n\t\t\n\t\t\t\t<div class=\"qodef-text-wrapper qodef-call-to-action-column1 qodef-call-to-action-cell\">\n\n\t\t\t\t\n\t\t\t\t\t<div class=\"qodef-call-to-action-text\" >\n\t\t\t\t\t\t\n<h1><span style=\"color: #ffffff;\">\u00a1Obt\u00e9n asesoramiento gratuito!<\/span><\/h1>\n<h1><strong style=\"color: #ffffff; font-size: 16px;\">Contacte ahora con nuestro departamento t\u00e9cnico<\/strong><\/h1>\n<h1><\/h1>\n<h1><\/h1>\n\t\t\t\t\t<\/div>\n\n\t\t\t\t<\/div>\n\n\t\t\t\t\n\t\t\t\t\t<div class=\"qodef-button-wrapper qodef-call-to-action-column2 qodef-call-to-action-cell\" style =\"text-align: right ;\">\n\n\t\t\t\t\t\t<a href=\"https:\/\/ibergas.net\/index.php\/contacto\/\" target=\"_self\" style=\"color: #ffffff;border-color: #ffffff\" class=\"qodef-btn qodef-btn-medium qodef-btn-outline qodef-btn-custom-border-hover qodef-btn-custom-hover-color qodef-btn-icon\" data-hover-color=\"#ffffff\" data-hover-border-color=\"#ffffff\" >        <span class=\"qodef-btn-text\">Contactar ahora<\/span>    <span class=\"qodef-btn-text-icon\"><i class=\"qodef-icon-simple-line-icon icon-arrow-right-circle \" ><\/i><\/span><\/a>\n\t\t\t\t\t<\/div>\n\n\t\t\t\t\n\t\t\t<\/div>\n\n\t\t\t\t<\/div>\n\t\t\n\t<\/div>\n\n[vc_empty_space height=\u00bb60px\u00bb][\/vc_column][\/vc_row]<\/p>\n","protected":false},"excerpt":{"rendered":"<p>[vc_row content_width=\u00bbgrid\u00bb content_aligment=\u00bbcenter\u00bb css=\u00bb.vc_custom_1446636181430{padding-top: 57px !important;padding-bottom: 55px !important;background-color: #ffffff !important;}\u00bb][vc_column][vc_column_text] Gracias a nuestros clientes, hoy somos&#8230; [\/vc_column_text][vc_empty_space height=\u00bb18px\u00bb][vc_column_text]Un equipo con m\u00e1s&#8230;<\/p>\n","protected":false},"author":1,"featured_media":0,"parent":0,"menu_order":0,"comment_status":"closed","ping_status":"closed","template":"full-width.php","meta":{"footnotes":""},"class_list":["post-5986","page","type-page","status-publish","hentry"],"_links":{"self":[{"href":"https:\/\/ibergas.net\/index.php\/wp-json\/wp\/v2\/pages\/5986","targetHints":{"allow":["GET"]}}],"collection":[{"href":"https:\/\/ibergas.net\/index.php\/wp-json\/wp\/v2\/pages"}],"about":[{"href":"https:\/\/ibergas.net\/index.php\/wp-json\/wp\/v2\/types\/page"}],"author":[{"embeddable":true,"href":"https:\/\/ibergas.net\/index.php\/wp-json\/wp\/v2\/users\/1"}],"replies":[{"embeddable":true,"href":"https:\/\/ibergas.net\/index.php\/wp-json\/wp\/v2\/comments?post=5986"}],"version-history":[{"count":43,"href":"https:\/\/ibergas.net\/index.php\/wp-json\/wp\/v2\/pages\/5986\/revisions"}],"predecessor-version":[{"id":6284,"href":"https:\/\/ibergas.net\/index.php\/wp-json\/wp\/v2\/pages\/5986\/revisions\/6284"}],"wp:attachment":[{"href":"https:\/\/ibergas.net\/index.php\/wp-json\/wp\/v2\/media?parent=5986"}],"curies":[{"name":"wp","href":"https:\/\/api.w.org\/{rel}","templated":true}]}}